{"id":5214,"date":"2025-02-18T09:24:08","date_gmt":"2025-02-18T09:24:08","guid":{"rendered":"https:\/\/www.rollingcrates.com\/?post_type=product&#038;p=5214"},"modified":"2025-02-18T09:52:37","modified_gmt":"2025-02-18T09:52:37","slug":"fold-up-wagonwagon-that-folds","status":"publish","type":"product","link":"https:\/\/www.rollingcrates.com\/fr\/product\/wagon-pliablewagon-qui-se-plie\/","title":{"rendered":"Wagon pliable, wagon qui se plie"},"content":{"rendered":"<p>D\u00e9couvrez une commodit\u00e9 sans pr\u00e9c\u00e9dent avec notre chariot pliable - une solution innovante et peu encombrante pour les besoins de transport. Parfait pour transporter des outils, des courses, des \u00e9quipements sportifs ou des jouets d'enfants, ce chariot est \u00e0 la fois l\u00e9ger et robuste, et se plie sans effort pour un rangement facile. Am\u00e9liorez vos activit\u00e9s de plein air ou vos t\u00e2ches quotidiennes gr\u00e2ce \u00e0 sa fonctionnalit\u00e9 polyvalente.<\/p>\n<p><strong>Beaucoup d'espace de rangement et de polyvalence<\/strong>: Ce chariot pliable offre un volume de rangement g\u00e9n\u00e9reux, ce qui le rend parfait pour ceux qui ont besoin de transporter de grandes quantit\u00e9s de marchandises pendant le camping, les sorties \u00e0 la plage ou les s\u00e9ances de grillades.<\/p>\n<p><strong>Caract\u00e9ristiques de personnalisation<\/strong>: Ce chariot peut \u00eatre personnalis\u00e9 avec vos logos uniques, ce qui en fait un excellent outil de marketing pour les entreprises et les groupes qui souhaitent mettre en valeur leur marque.<\/p>\n<p><strong>Haute qualit\u00e9 et robustesse<\/strong>: Gr\u00e2ce \u00e0 sa construction en tissu oxford de qualit\u00e9 sup\u00e9rieure et en acier inoxydable, ce chariot garantit une long\u00e9vit\u00e9 et des performances fiables, m\u00eame dans des environnements ext\u00e9rieurs difficiles.<\/p>\n<p><strong>Mobilit\u00e9 sans effort<\/strong>: Le chariot pliable, avec ses quatre roues, permet un d\u00e9placement facile et sans \u00e0-coups, ce qui facilite le transport sur diff\u00e9rents terrains et surfaces.<\/p>\n<p><strong>Conception pliante peu encombrante<\/strong>: Sa conception pliable permet un stockage et un transport faciles, ce qui en fait une solution id\u00e9ale pour ceux qui recherchent une option compacte et peu encombrante.<\/p>","protected":false},"excerpt":{"rendered":"<p>D\u00e9couvrez une commodit\u00e9 sans pr\u00e9c\u00e9dent avec notre chariot pliable - une solution innovante et peu encombrante pour les besoins de transport. Parfait pour transporter des outils, des courses, des \u00e9quipements sportifs ou des jouets d'enfants, ce chariot est \u00e0 la fois l\u00e9ger et robuste, et se plie sans effort pour un rangement facile. Am\u00e9liorez vos activit\u00e9s de plein air ou vos t\u00e2ches quotidiennes gr\u00e2ce \u00e0 sa fonctionnalit\u00e9 polyvalente. Rangement ample et polyvalence : [...]<\/p>","protected":false},"featured_media":5216,"comment_status":"open","ping_status":"closed","template":"","meta":{"site-sidebar-layout":"default","site-content-layout":"default","ast-site-content-layout":"default","site-content-style":"default","site-sidebar-style":"default","ast-global-header-display":"","ast-banner-title-visibility":"","ast-main-header-display":"","ast-hfb-above-header-display":"","ast-hfb-below-header-display":"","ast-hfb-mobile-header-display":"","site-post-title":"","ast-breadcrumbs-content":"","ast-featured-img":"","footer-sml-layout":"","theme-transparent-header-meta":"","adv-header-id-meta":"","stick-header-meta":"","header-above-stick-meta":"","header-main-stick-meta":"","header-below-stick-meta":"","astra-migrate-meta-layouts":"default","ast-page-background-enabled":"default","ast-page-background-meta":{"desktop":{"background-color":"","background-image":"","background-repeat":"repeat","background-position":"center center","background-size":"auto","background-attachment":"scroll","background-type":"","background-media":"","overlay-type":"","overlay-color":"","overlay-opacity":"","overlay-gradient":""},"tablet":{"background-color":"","background-image":"","background-repeat":"repeat","background-position":"center center","background-size":"auto","background-attachment":"scroll","background-type":"","background-media":"","overlay-type":"","overlay-color":"","overlay-opacity":"","overlay-gradient":""},"mobile":{"background-color":"","background-image":"","background-repeat":"repeat","background-position":"center center","background-size":"auto","background-attachment":"scroll","background-type":"","background-media":"","overlay-type":"","overlay-color":"","overlay-opacity":"","overlay-gradient":""}},"ast-content-background-meta":{"desktop":{"background-color":"var(--ast-global-color-5)","background-image":"","background-repeat":"repeat","background-position":"center center","background-size":"auto","background-attachment":"scroll","background-type":"","background-media":"","overlay-type":"","overlay-color":"","overlay-opacity":"","overlay-gradient":""},"tablet":{"background-color":"var(--ast-global-color-5)","background-image":"","background-repeat":"repeat","background-position":"center center","background-size":"auto","background-attachment":"scroll","background-type":"","background-media":"","overlay-type":"","overlay-color":"","overlay-opacity":"","overlay-gradient":""},"mobile":{"background-color":"var(--ast-global-color-5)","background-image":"","background-repeat":"repeat","background-position":"center center","background-size":"auto","background-attachment":"scroll","background-type":"","background-media":"","overlay-type":"","overlay-color":"","overlay-opacity":"","overlay-gradient":""}}},"product_cat":[59],"product_tag":[],"class_list":["post-5214","product","type-product","status-publish","has-post-thumbnail","hentry","product_cat-folding-wagon","desktop-align-left","tablet-align-left","mobile-align-left"],"acf":[],"_links":{"self":[{"href":"https:\/\/www.rollingcrates.com\/fr\/wp-json\/wp\/v2\/product\/5214","targetHints":{"allow":["GET"]}}],"collection":[{"href":"https:\/\/www.rollingcrates.com\/fr\/wp-json\/wp\/v2\/product"}],"about":[{"href":"https:\/\/www.rollingcrates.com\/fr\/wp-json\/wp\/v2\/types\/product"}],"replies":[{"embeddable":true,"href":"https:\/\/www.rollingcrates.com\/fr\/wp-json\/wp\/v2\/comments?post=5214"}],"wp:featuredmedia":[{"embeddable":true,"href":"https:\/\/www.rollingcrates.com\/fr\/wp-json\/wp\/v2\/media\/5216"}],"wp:attachment":[{"href":"https:\/\/www.rollingcrates.com\/fr\/wp-json\/wp\/v2\/media?parent=5214"}],"wp:term":[{"taxonomy":"product_cat","embeddable":true,"href":"https:\/\/www.rollingcrates.com\/fr\/wp-json\/wp\/v2\/product_cat?post=5214"},{"taxonomy":"product_tag","embeddable":true,"href":"https:\/\/www.rollingcrates.com\/fr\/wp-json\/wp\/v2\/product_tag?post=5214"}],"curies":[{"name":"wp","href":"https:\/\/api.w.org\/{rel}","templated":true}]}}