{"id":5207,"date":"2025-02-17T00:14:20","date_gmt":"2025-02-17T00:14:20","guid":{"rendered":"https:\/\/www.rollingcrates.com\/?post_type=product&#038;p=5207"},"modified":"2025-02-17T00:21:21","modified_gmt":"2025-02-17T00:21:21","slug":"best-collapsible-folding-wagon","status":"publish","type":"product","link":"https:\/\/www.rollingcrates.com\/fr\/product\/meilleur-chariot-pliant-pliable\/","title":{"rendered":"Meilleur chariot pliant pliable"},"content":{"rendered":"<p>Le chariot pliable Best est une solution polyvalente et peu encombrante, con\u00e7ue pour une utilisation \u00e0 l'ext\u00e9rieur et \u00e0 l'int\u00e9rieur. Parfait pour transporter des fournitures de jardinage, du mat\u00e9riel de sport ou des provisions, ce chariot offre une solide capacit\u00e9 de charge. Sa conception pliable unique permet de le ranger et de le transporter facilement. Gr\u00e2ce \u00e0 sa construction durable et \u00e0 ses roues qui roulent en douceur, le chariot pliable et repliable est votre meilleur alli\u00e9 pour tous vos besoins en mati\u00e8re de transport.<\/p>","protected":false},"excerpt":{"rendered":"<p>Le chariot pliable Best est une solution polyvalente et peu encombrante, con\u00e7ue pour une utilisation \u00e0 l'ext\u00e9rieur et \u00e0 l'int\u00e9rieur. Parfait pour transporter des fournitures de jardinage, du mat\u00e9riel de sport ou des provisions, ce chariot offre une solide capacit\u00e9 de charge. Sa conception pliable unique permet de le ranger et de le transporter facilement. Gr\u00e2ce \u00e0 sa construction durable et \u00e0 ses roues qui roulent en douceur, le chariot pliant est votre [...]<\/p>","protected":false},"featured_media":5208,"comment_status":"open","ping_status":"closed","template":"","meta":{"site-sidebar-layout":"default","site-content-layout":"default","ast-site-content-layout":"default","site-content-style":"default","site-sidebar-style":"default","ast-global-header-display":"","ast-banner-title-visibility":"","ast-main-header-display":"","ast-hfb-above-header-display":"","ast-hfb-below-header-display":"","ast-hfb-mobile-header-display":"","site-post-title":"","ast-breadcrumbs-content":"","ast-featured-img":"","footer-sml-layout":"","theme-transparent-header-meta":"","adv-header-id-meta":"","stick-header-meta":"","header-above-stick-meta":"","header-main-stick-meta":"","header-below-stick-meta":"","astra-migrate-meta-layouts":"default","ast-page-background-enabled":"default","ast-page-background-meta":{"desktop":{"background-color":"","background-image":"","background-repeat":"repeat","background-position":"center center","background-size":"auto","background-attachment":"scroll","background-type":"","background-media":"","overlay-type":"","overlay-color":"","overlay-opacity":"","overlay-gradient":""},"tablet":{"background-color":"","background-image":"","background-repeat":"repeat","background-position":"center center","background-size":"auto","background-attachment":"scroll","background-type":"","background-media":"","overlay-type":"","overlay-color":"","overlay-opacity":"","overlay-gradient":""},"mobile":{"background-color":"","background-image":"","background-repeat":"repeat","background-position":"center center","background-size":"auto","background-attachment":"scroll","background-type":"","background-media":"","overlay-type":"","overlay-color":"","overlay-opacity":"","overlay-gradient":""}},"ast-content-background-meta":{"desktop":{"background-color":"var(--ast-global-color-5)","background-image":"","background-repeat":"repeat","background-position":"center center","background-size":"auto","background-attachment":"scroll","background-type":"","background-media":"","overlay-type":"","overlay-color":"","overlay-opacity":"","overlay-gradient":""},"tablet":{"background-color":"var(--ast-global-color-5)","background-image":"","background-repeat":"repeat","background-position":"center center","background-size":"auto","background-attachment":"scroll","background-type":"","background-media":"","overlay-type":"","overlay-color":"","overlay-opacity":"","overlay-gradient":""},"mobile":{"background-color":"var(--ast-global-color-5)","background-image":"","background-repeat":"repeat","background-position":"center center","background-size":"auto","background-attachment":"scroll","background-type":"","background-media":"","overlay-type":"","overlay-color":"","overlay-opacity":"","overlay-gradient":""}}},"product_cat":[59],"product_tag":[],"class_list":["post-5207","product","type-product","status-publish","has-post-thumbnail","hentry","product_cat-folding-wagon","desktop-align-left","tablet-align-left","mobile-align-left"],"acf":[],"_links":{"self":[{"href":"https:\/\/www.rollingcrates.com\/fr\/wp-json\/wp\/v2\/product\/5207","targetHints":{"allow":["GET"]}}],"collection":[{"href":"https:\/\/www.rollingcrates.com\/fr\/wp-json\/wp\/v2\/product"}],"about":[{"href":"https:\/\/www.rollingcrates.com\/fr\/wp-json\/wp\/v2\/types\/product"}],"replies":[{"embeddable":true,"href":"https:\/\/www.rollingcrates.com\/fr\/wp-json\/wp\/v2\/comments?post=5207"}],"wp:featuredmedia":[{"embeddable":true,"href":"https:\/\/www.rollingcrates.com\/fr\/wp-json\/wp\/v2\/media\/5208"}],"wp:attachment":[{"href":"https:\/\/www.rollingcrates.com\/fr\/wp-json\/wp\/v2\/media?parent=5207"}],"wp:term":[{"taxonomy":"product_cat","embeddable":true,"href":"https:\/\/www.rollingcrates.com\/fr\/wp-json\/wp\/v2\/product_cat?post=5207"},{"taxonomy":"product_tag","embeddable":true,"href":"https:\/\/www.rollingcrates.com\/fr\/wp-json\/wp\/v2\/product_tag?post=5207"}],"curies":[{"name":"wp","href":"https:\/\/api.w.org\/{rel}","templated":true}]}}