{"id":5185,"date":"2025-02-16T03:55:15","date_gmt":"2025-02-16T03:55:15","guid":{"rendered":"https:\/\/www.rollingcrates.com\/?post_type=product&#038;p=5185"},"modified":"2025-02-16T04:04:36","modified_gmt":"2025-02-16T04:04:36","slug":"foldable-wagon-carts-with-removable-canopy","status":"publish","type":"product","link":"https:\/\/www.rollingcrates.com\/fr\/product\/chariots-pliables-avec-auvent-amovible\/","title":{"rendered":"Chariots pliables avec auvent amovible"},"content":{"rendered":"<p>D\u00e9couvrez la commodit\u00e9 du transport de marchandises avec nos chariots pliables dot\u00e9s d'un auvent amovible. Durable, polyvalent et facile \u00e0 utiliser, ce chariot est con\u00e7u pour toutes vos activit\u00e9s de plein air, qu'il s'agisse de sorties \u00e0 la plage, de jardinage ou de courses. L'auvent amovible offre de l'ombre et de la protection \u00e0 vos articles, qui restent ainsi en s\u00e9curit\u00e9 et intacts. Lorsqu'il n'est pas utilis\u00e9, il suffit de le plier pour le ranger facilement. Faites l'exp\u00e9rience d'une portabilit\u00e9 sans souci et ajoutez plus de confort \u00e0 vos aventures en plein air gr\u00e2ce \u00e0 nos chariots pliables.<\/p>","protected":false},"excerpt":{"rendered":"<p>D\u00e9couvrez la commodit\u00e9 du transport de marchandises avec nos chariots pliables dot\u00e9s d'un auvent amovible. Durable, polyvalent et facile \u00e0 utiliser, ce chariot est con\u00e7u pour toutes vos activit\u00e9s de plein air, qu'il s'agisse de sorties \u00e0 la plage, de jardinage ou de courses. L'auvent amovible fournit de l'ombre et de la protection \u00e0 vos articles, garantissant qu'ils restent en s\u00e9curit\u00e9 et intacts. [...]<\/p>","protected":false},"featured_media":5188,"comment_status":"open","ping_status":"closed","template":"","meta":{"site-sidebar-layout":"default","site-content-layout":"default","ast-site-content-layout":"default","site-content-style":"default","site-sidebar-style":"default","ast-global-header-display":"","ast-banner-title-visibility":"","ast-main-header-display":"","ast-hfb-above-header-display":"","ast-hfb-below-header-display":"","ast-hfb-mobile-header-display":"","site-post-title":"","ast-breadcrumbs-content":"","ast-featured-img":"","footer-sml-layout":"","theme-transparent-header-meta":"","adv-header-id-meta":"","stick-header-meta":"","header-above-stick-meta":"","header-main-stick-meta":"","header-below-stick-meta":"","astra-migrate-meta-layouts":"default","ast-page-background-enabled":"default","ast-page-background-meta":{"desktop":{"background-color":"","background-image":"","background-repeat":"repeat","background-position":"center center","background-size":"auto","background-attachment":"scroll","background-type":"","background-media":"","overlay-type":"","overlay-color":"","overlay-opacity":"","overlay-gradient":""},"tablet":{"background-color":"","background-image":"","background-repeat":"repeat","background-position":"center center","background-size":"auto","background-attachment":"scroll","background-type":"","background-media":"","overlay-type":"","overlay-color":"","overlay-opacity":"","overlay-gradient":""},"mobile":{"background-color":"","background-image":"","background-repeat":"repeat","background-position":"center center","background-size":"auto","background-attachment":"scroll","background-type":"","background-media":"","overlay-type":"","overlay-color":"","overlay-opacity":"","overlay-gradient":""}},"ast-content-background-meta":{"desktop":{"background-color":"var(--ast-global-color-5)","background-image":"","background-repeat":"repeat","background-position":"center center","background-size":"auto","background-attachment":"scroll","background-type":"","background-media":"","overlay-type":"","overlay-color":"","overlay-opacity":"","overlay-gradient":""},"tablet":{"background-color":"var(--ast-global-color-5)","background-image":"","background-repeat":"repeat","background-position":"center center","background-size":"auto","background-attachment":"scroll","background-type":"","background-media":"","overlay-type":"","overlay-color":"","overlay-opacity":"","overlay-gradient":""},"mobile":{"background-color":"var(--ast-global-color-5)","background-image":"","background-repeat":"repeat","background-position":"center center","background-size":"auto","background-attachment":"scroll","background-type":"","background-media":"","overlay-type":"","overlay-color":"","overlay-opacity":"","overlay-gradient":""}}},"product_cat":[59],"product_tag":[],"class_list":["post-5185","product","type-product","status-publish","has-post-thumbnail","hentry","product_cat-folding-wagon","desktop-align-left","tablet-align-left","mobile-align-left"],"acf":[],"_links":{"self":[{"href":"https:\/\/www.rollingcrates.com\/fr\/wp-json\/wp\/v2\/product\/5185","targetHints":{"allow":["GET"]}}],"collection":[{"href":"https:\/\/www.rollingcrates.com\/fr\/wp-json\/wp\/v2\/product"}],"about":[{"href":"https:\/\/www.rollingcrates.com\/fr\/wp-json\/wp\/v2\/types\/product"}],"replies":[{"embeddable":true,"href":"https:\/\/www.rollingcrates.com\/fr\/wp-json\/wp\/v2\/comments?post=5185"}],"wp:featuredmedia":[{"embeddable":true,"href":"https:\/\/www.rollingcrates.com\/fr\/wp-json\/wp\/v2\/media\/5188"}],"wp:attachment":[{"href":"https:\/\/www.rollingcrates.com\/fr\/wp-json\/wp\/v2\/media?parent=5185"}],"wp:term":[{"taxonomy":"product_cat","embeddable":true,"href":"https:\/\/www.rollingcrates.com\/fr\/wp-json\/wp\/v2\/product_cat?post=5185"},{"taxonomy":"product_tag","embeddable":true,"href":"https:\/\/www.rollingcrates.com\/fr\/wp-json\/wp\/v2\/product_tag?post=5185"}],"curies":[{"name":"wp","href":"https:\/\/api.w.org\/{rel}","templated":true}]}}