{"id":5179,"date":"2025-02-16T03:45:37","date_gmt":"2025-02-16T03:45:37","guid":{"rendered":"https:\/\/www.rollingcrates.com\/?post_type=product&#038;p=5179"},"modified":"2025-02-16T04:41:13","modified_gmt":"2025-02-16T04:41:13","slug":"compact-folding-wagon-for-lightweight-transport","status":"publish","type":"product","link":"https:\/\/www.rollingcrates.com\/fr\/product\/wagon-compact-et-pliable-pour-un-transport-leger\/","title":{"rendered":"Chariot compact et pliable pour un transport l\u00e9ger"},"content":{"rendered":"<p>Le chariot pliant est une solution polyvalente et peu encombrante pour tous vos besoins de transport. Il s'ouvre et se replie sans effort dans un format compact pour faciliter le stockage et le transport.<\/p>\n<p>Le <strong>Wagon compact pliant<\/strong> peut \u00eatre charg\u00e9 de beaucoup de mat\u00e9riel de camping, y compris des tentes, des sacs de couchage, des glaci\u00e8res et du mat\u00e9riel de cuisine, et il se d\u00e9place toujours en douceur. Le cadre et les roues robustes supportent bien le poids, sans aucun signe de flexion ou d'oscillation. Le ch\u00e2ssis du chariot pliant est fabriqu\u00e9 en alliage m\u00e9tallique solide, qui r\u00e9siste \u00e0 la rouille et \u00e0 la corrosion, m\u00eame dans les environnements ext\u00e9rieurs o\u00f9 il peut \u00eatre expos\u00e9 \u00e0 l'humidit\u00e9. Les roues sont \u00e9galement durables et offrent une bonne adh\u00e9rence sur diverses surfaces telles que l'herbe, la terre et le gravier.<\/p>","protected":false},"excerpt":{"rendered":"<p>Le chariot pliant est une solution polyvalente et peu encombrante pour tous vos besoins de transport. Il s'ouvre et se replie sans effort dans un format compact pour faciliter le stockage et le transport. Le chariot pliant compact peut \u00eatre charg\u00e9 avec beaucoup de mat\u00e9riel de camping, y compris des tentes, des sacs de couchage, des glaci\u00e8res et du mat\u00e9riel de cuisine, et il se d\u00e9place toujours en douceur. Le [...]<\/p>","protected":false},"featured_media":5180,"comment_status":"open","ping_status":"closed","template":"","meta":{"site-sidebar-layout":"default","site-content-layout":"default","ast-site-content-layout":"default","site-content-style":"default","site-sidebar-style":"default","ast-global-header-display":"","ast-banner-title-visibility":"","ast-main-header-display":"","ast-hfb-above-header-display":"","ast-hfb-below-header-display":"","ast-hfb-mobile-header-display":"","site-post-title":"","ast-breadcrumbs-content":"","ast-featured-img":"","footer-sml-layout":"","theme-transparent-header-meta":"","adv-header-id-meta":"","stick-header-meta":"","header-above-stick-meta":"","header-main-stick-meta":"","header-below-stick-meta":"","astra-migrate-meta-layouts":"default","ast-page-background-enabled":"default","ast-page-background-meta":{"desktop":{"background-color":"","background-image":"","background-repeat":"repeat","background-position":"center center","background-size":"auto","background-attachment":"scroll","background-type":"","background-media":"","overlay-type":"","overlay-color":"","overlay-opacity":"","overlay-gradient":""},"tablet":{"background-color":"","background-image":"","background-repeat":"repeat","background-position":"center center","background-size":"auto","background-attachment":"scroll","background-type":"","background-media":"","overlay-type":"","overlay-color":"","overlay-opacity":"","overlay-gradient":""},"mobile":{"background-color":"","background-image":"","background-repeat":"repeat","background-position":"center center","background-size":"auto","background-attachment":"scroll","background-type":"","background-media":"","overlay-type":"","overlay-color":"","overlay-opacity":"","overlay-gradient":""}},"ast-content-background-meta":{"desktop":{"background-color":"var(--ast-global-color-5)","background-image":"","background-repeat":"repeat","background-position":"center center","background-size":"auto","background-attachment":"scroll","background-type":"","background-media":"","overlay-type":"","overlay-color":"","overlay-opacity":"","overlay-gradient":""},"tablet":{"background-color":"var(--ast-global-color-5)","background-image":"","background-repeat":"repeat","background-position":"center center","background-size":"auto","background-attachment":"scroll","background-type":"","background-media":"","overlay-type":"","overlay-color":"","overlay-opacity":"","overlay-gradient":""},"mobile":{"background-color":"var(--ast-global-color-5)","background-image":"","background-repeat":"repeat","background-position":"center center","background-size":"auto","background-attachment":"scroll","background-type":"","background-media":"","overlay-type":"","overlay-color":"","overlay-opacity":"","overlay-gradient":""}}},"product_cat":[59],"product_tag":[],"class_list":["post-5179","product","type-product","status-publish","has-post-thumbnail","hentry","product_cat-folding-wagon","desktop-align-left","tablet-align-left","mobile-align-left"],"acf":[],"_links":{"self":[{"href":"https:\/\/www.rollingcrates.com\/fr\/wp-json\/wp\/v2\/product\/5179","targetHints":{"allow":["GET"]}}],"collection":[{"href":"https:\/\/www.rollingcrates.com\/fr\/wp-json\/wp\/v2\/product"}],"about":[{"href":"https:\/\/www.rollingcrates.com\/fr\/wp-json\/wp\/v2\/types\/product"}],"replies":[{"embeddable":true,"href":"https:\/\/www.rollingcrates.com\/fr\/wp-json\/wp\/v2\/comments?post=5179"}],"wp:featuredmedia":[{"embeddable":true,"href":"https:\/\/www.rollingcrates.com\/fr\/wp-json\/wp\/v2\/media\/5180"}],"wp:attachment":[{"href":"https:\/\/www.rollingcrates.com\/fr\/wp-json\/wp\/v2\/media?parent=5179"}],"wp:term":[{"taxonomy":"product_cat","embeddable":true,"href":"https:\/\/www.rollingcrates.com\/fr\/wp-json\/wp\/v2\/product_cat?post=5179"},{"taxonomy":"product_tag","embeddable":true,"href":"https:\/\/www.rollingcrates.com\/fr\/wp-json\/wp\/v2\/product_tag?post=5179"}],"curies":[{"name":"wp","href":"https:\/\/api.w.org\/{rel}","templated":true}]}}