{"id":2,"date":"2019-01-16T12:43:51","date_gmt":"2019-01-16T12:43:51","guid":{"rendered":"http:\/\/www.rollingcrates.com\/?page_id=2"},"modified":"2025-02-16T04:40:27","modified_gmt":"2025-02-16T04:40:27","slug":"sample-page","status":"publish","type":"page","link":"https:\/\/www.rollingcrates.com\/fr\/","title":{"rendered":"Vente en gros de caisses roulantes, caisses \u00e0 roulettes"},"content":{"rendered":"<div class=\"wp-block-columns is-layout-flex wp-container-core-columns-is-layout-28f84493 wp-block-columns-is-layout-flex\">\n<div class=\"wp-block-column is-layout-flow wp-block-column-is-layout-flow\">\n<figure class=\"wp-block-image size-full is-resized\"><a href=\"https:\/\/www.rollingcrates.com\/fr\/product-category\/caisses-roulantes\/\"><img loading=\"lazy\" decoding=\"async\" src=\"https:\/\/www.rollingcrates.com\/wp-content\/uploads\/2021\/07\/rolling-storage-crate-with-handle-1.jpeg\" alt=\"caisse de stockage roulante avec poign\u00e9e\" class=\"wp-image-5133\" width=\"508\" height=\"508\" srcset=\"https:\/\/www.rollingcrates.com\/wp-content\/uploads\/2021\/07\/rolling-storage-crate-with-handle-1.jpeg 800w, https:\/\/www.rollingcrates.com\/wp-content\/uploads\/2021\/07\/rolling-storage-crate-with-handle-1-300x300.jpeg 300w, https:\/\/www.rollingcrates.com\/wp-content\/uploads\/2021\/07\/rolling-storage-crate-with-handle-1-150x150.jpeg 150w, https:\/\/www.rollingcrates.com\/wp-content\/uploads\/2021\/07\/rolling-storage-crate-with-handle-1-768x768.jpeg 768w, https:\/\/www.rollingcrates.com\/wp-content\/uploads\/2021\/07\/rolling-storage-crate-with-handle-1-600x600.jpeg 600w, https:\/\/www.rollingcrates.com\/wp-content\/uploads\/2021\/07\/rolling-storage-crate-with-handle-1-100x100.jpeg 100w\" sizes=\"auto, (max-width: 508px) 100vw, 508px\" \/><\/a><figcaption>Caisse de stockage roulante avec poign\u00e9e<\/figcaption><\/figure>\n\n\n\n<p>Permet de transporter facilement tout type de mat\u00e9riel artistique, de fournitures et d'\u00e9quipement. Pratique, pliable,&nbsp;<em>caisses roulantes<\/em>&nbsp;peut \u00eatre utilis\u00e9 comme fourre-tout, chariot d'\u00e9picerie ou m\u00eame comme porte-bagages pour les bagages \u00e0 main des compagnies a\u00e9riennes<\/p>\n<\/div>\n\n\n\n<div class=\"wp-block-column is-layout-flow wp-block-column-is-layout-flow\">\n<figure class=\"wp-block-image size-full\"><a href=\"https:\/\/www.rollingcrates.com\/fr\/product-category\/wagon-pliant\/\"><img loading=\"lazy\" decoding=\"async\" width=\"720\" height=\"720\" src=\"https:\/\/www.rollingcrates.com\/wp-content\/uploads\/2025\/02\/compact-folding-wagon-for-lightweight-transport-3.jpg\" alt=\"wagon compact et pliable pour un transport l\u00e9ger\" class=\"wp-image-5182\" srcset=\"https:\/\/www.rollingcrates.com\/wp-content\/uploads\/2025\/02\/compact-folding-wagon-for-lightweight-transport-3.jpg 720w, https:\/\/www.rollingcrates.com\/wp-content\/uploads\/2025\/02\/compact-folding-wagon-for-lightweight-transport-3-300x300.jpg 300w, https:\/\/www.rollingcrates.com\/wp-content\/uploads\/2025\/02\/compact-folding-wagon-for-lightweight-transport-3-150x150.jpg 150w, https:\/\/www.rollingcrates.com\/wp-content\/uploads\/2025\/02\/compact-folding-wagon-for-lightweight-transport-3-600x600.jpg 600w, https:\/\/www.rollingcrates.com\/wp-content\/uploads\/2025\/02\/compact-folding-wagon-for-lightweight-transport-3-100x100.jpg 100w\" sizes=\"auto, (max-width: 720px) 100vw, 720px\" \/><\/a><figcaption>Chariot pliant<\/figcaption><\/figure>\n\n\n\n<p>Le chariot utilitaire pliable compact est une option abordable qui permet de transporter facilement une vari\u00e9t\u00e9 d'articles. Des caract\u00e9ristiques pratiques et des capacit\u00e9s de pliage rapide rendent ces chariots pliables parfaits pour les familles en d\u00e9placement.<\/p>\n\n\n\n<p><\/p>\n<\/div>\n<\/div>\n\n\n\n<div class=\"wp-block-columns has-2-columns is-layout-flex wp-container-core-columns-is-layout-28f84493 wp-block-columns-is-layout-flex\">\n<div class=\"wp-block-column is-layout-flow wp-block-column-is-layout-flow\">\n<figure class=\"wp-block-image is-resized\"><a href=\"https:\/\/www.rollingcrates.com\/fr\/product-category\/conteneurs-de-distribution\/\"><img loading=\"lazy\" decoding=\"async\" src=\"https:\/\/www.rollingcrates.com\/wp-content\/uploads\/2019\/01\/attached-lid-containers.png\" alt=\"couvercle attach\u00e9 conteneur\" class=\"wp-image-357\" width=\"346\" height=\"333\" srcset=\"https:\/\/www.rollingcrates.com\/wp-content\/uploads\/2019\/01\/attached-lid-containers.png 346w, https:\/\/www.rollingcrates.com\/wp-content\/uploads\/2019\/01\/attached-lid-containers-300x289.png 300w\" sizes=\"auto, (max-width: 346px) 100vw, 346px\" \/><\/a><figcaption>Conteneurs de distribution \u00e0 couvercle attach\u00e9<\/figcaption><\/figure>\n<\/div>\n\n\n\n<div class=\"wp-block-column is-layout-flow wp-block-column-is-layout-flow\">\n<figure class=\"wp-block-image\"><a href=\"https:\/\/www.rollingcrates.com\/fr\/product-category\/caisses-pliantes\/\"><img loading=\"lazy\" decoding=\"async\" width=\"498\" height=\"314\" src=\"https:\/\/www.rollingcrates.com\/wp-content\/uploads\/2019\/01\/collapsible-plastic-boxes-1.jpg\" alt=\"Caisses en plastique pliables\" class=\"wp-image-360\" srcset=\"https:\/\/www.rollingcrates.com\/wp-content\/uploads\/2019\/01\/collapsible-plastic-boxes-1.jpg 498w, https:\/\/www.rollingcrates.com\/wp-content\/uploads\/2019\/01\/collapsible-plastic-boxes-1-300x189.jpg 300w\" sizes=\"auto, (max-width: 498px) 100vw, 498px\" \/><\/a><figcaption>Caisses en plastique pliables<\/figcaption><\/figure>\n<\/div>\n<\/div>\n\n\n\n<p>Nos principaux produits sont les suivants <strong>Caisses roulantes<\/strong>Couvercle fix\u00e9 sur les r\u00e9cipients de distribution, <strong>caisses en plastique pliables<\/strong>Conteneurs empilables euro, <strong>conteneur \u00e0 palettes en plastique<\/strong>Nous pouvons \u00e9galement fabriquer des produits en plastique personnalis\u00e9s en fonction de vos besoins.<\/p>","protected":false},"excerpt":{"rendered":"<p>Transportez facilement tout le mat\u00e9riel d'art, les fournitures et l'\u00e9quipement. Le chariot utilitaire pliant compact est une option abordable qui peut facilement transporter une vari\u00e9t\u00e9 d'articles, de fournitures et d'\u00e9quipements. Les caract\u00e9ristiques pratiques et les capacit\u00e9s de pliage rapide rendent ces chariots pliables parfaits pour les familles en d\u00e9placement. [...]<\/p>","protected":false},"author":1,"featured_media":0,"parent":0,"menu_order":0,"comment_status":"closed","ping_status":"open","template":"","meta":{"site-sidebar-layout":"no-sidebar","site-content-layout":"default","ast-site-content-layout":"default","site-content-style":"default","site-sidebar-style":"default","ast-global-header-display":"","ast-banner-title-visibility":"","ast-main-header-display":"","ast-hfb-above-header-display":"","ast-hfb-below-header-display":"","ast-hfb-mobile-header-display":"","site-post-title":"","ast-breadcrumbs-content":"","ast-featured-img":"","footer-sml-layout":"","theme-transparent-header-meta":"default","adv-header-id-meta":"","stick-header-meta":"","header-above-stick-meta":"","header-main-stick-meta":"","header-below-stick-meta":"","astra-migrate-meta-layouts":"default","ast-page-background-enabled":"default","ast-page-background-meta":{"desktop":{"background-color":"","background-image":"","background-repeat":"repeat","background-position":"center center","background-size":"auto","background-attachment":"scroll","background-type":"","background-media":"","overlay-type":"","overlay-color":"","overlay-opacity":"","overlay-gradient":""},"tablet":{"background-color":"","background-image":"","background-repeat":"repeat","background-position":"center center","background-size":"auto","background-attachment":"scroll","background-type":"","background-media":"","overlay-type":"","overlay-color":"","overlay-opacity":"","overlay-gradient":""},"mobile":{"background-color":"","background-image":"","background-repeat":"repeat","background-position":"center center","background-size":"auto","background-attachment":"scroll","background-type":"","background-media":"","overlay-type":"","overlay-color":"","overlay-opacity":"","overlay-gradient":""}},"ast-content-background-meta":{"desktop":{"background-color":"var(--ast-global-color-5)","background-image":"","background-repeat":"repeat","background-position":"center center","background-size":"auto","background-attachment":"scroll","background-type":"","background-media":"","overlay-type":"","overlay-color":"","overlay-opacity":"","overlay-gradient":""},"tablet":{"background-color":"var(--ast-global-color-5)","background-image":"","background-repeat":"repeat","background-position":"center center","background-size":"auto","background-attachment":"scroll","background-type":"","background-media":"","overlay-type":"","overlay-color":"","overlay-opacity":"","overlay-gradient":""},"mobile":{"background-color":"var(--ast-global-color-5)","background-image":"","background-repeat":"repeat","background-position":"center center","background-size":"auto","background-attachment":"scroll","background-type":"","background-media":"","overlay-type":"","overlay-color":"","overlay-opacity":"","overlay-gradient":""}},"footnotes":""},"class_list":["post-2","page","type-page","status-publish","hentry"],"acf":[],"_links":{"self":[{"href":"https:\/\/www.rollingcrates.com\/fr\/wp-json\/wp\/v2\/pages\/2","targetHints":{"allow":["GET"]}}],"collection":[{"href":"https:\/\/www.rollingcrates.com\/fr\/wp-json\/wp\/v2\/pages"}],"about":[{"href":"https:\/\/www.rollingcrates.com\/fr\/wp-json\/wp\/v2\/types\/page"}],"author":[{"embeddable":true,"href":"https:\/\/www.rollingcrates.com\/fr\/wp-json\/wp\/v2\/users\/1"}],"replies":[{"embeddable":true,"href":"https:\/\/www.rollingcrates.com\/fr\/wp-json\/wp\/v2\/comments?post=2"}],"version-history":[{"count":14,"href":"https:\/\/www.rollingcrates.com\/fr\/wp-json\/wp\/v2\/pages\/2\/revisions"}],"predecessor-version":[{"id":5199,"href":"https:\/\/www.rollingcrates.com\/fr\/wp-json\/wp\/v2\/pages\/2\/revisions\/5199"}],"wp:attachment":[{"href":"https:\/\/www.rollingcrates.com\/fr\/wp-json\/wp\/v2\/media?parent=2"}],"curies":[{"name":"wp","href":"https:\/\/api.w.org\/{rel}","templated":true}]}}