{"id":5214,"date":"2025-02-18T09:24:08","date_gmt":"2025-02-18T09:24:08","guid":{"rendered":"https:\/\/www.rollingcrates.com\/?post_type=product&#038;p=5214"},"modified":"2025-02-18T09:52:37","modified_gmt":"2025-02-18T09:52:37","slug":"fold-up-wagonwagon-that-folds","status":"publish","type":"product","link":"https:\/\/www.rollingcrates.com\/es\/producto\/carro-plegablecarro-plegable\/","title":{"rendered":"Vag\u00f3n plegable,vag\u00f3n que se pliega"},"content":{"rendered":"<p>Descubra la comodidad como nunca antes con nuestro Fold Up Wagon - una soluci\u00f3n innovadora, que ahorra espacio para las necesidades de transporte. Perfecto para transportar herramientas, comestibles, equipamiento deportivo o juguetes de los ni\u00f1os, este remolque es ligero pero resistente, y se pliega sin esfuerzo para guardarlo f\u00e1cilmente. Mejore sus actividades al aire libre o las tareas diarias con su funcionalidad vers\u00e1til.<\/p>\n<p><strong>Gran capacidad de almacenamiento y versatilidad<\/strong>: Este carro plegable ofrece una generosa cantidad de almacenamiento, por lo que es perfecto para aquellos que necesitan transportar grandes cantidades de mercanc\u00edas durante el camping, salidas a la playa, o sesiones de parrilla.<\/p>\n<p><strong>Funciones de personalizaci\u00f3n<\/strong>: Este carro puede personalizarse con sus logotipos exclusivos, lo que lo convierte en una excelente herramienta de marketing para empresas y grupos que deseen mostrar su marca.<\/p>\n<p><strong>Alta calidad y robustez<\/strong>: Con una construcci\u00f3n de tela oxford superior y acero inoxidable, este carro de vagones garantiza la longevidad y un rendimiento fiable, incluso en entornos exteriores dif\u00edciles.<\/p>\n<p><strong>Movilidad sin esfuerzo<\/strong>: El carro plegable, con su construcci\u00f3n de cuatro ruedas, facilita un movimiento suave y f\u00e1cil, permitiendo un transporte sencillo a trav\u00e9s de diferentes terrenos y superficies.<\/p>\n<p><strong>Dise\u00f1o plegable para ahorrar espacio<\/strong>: Su dise\u00f1o plegable permite guardarlo y transportarlo f\u00e1cilmente, por lo que es una soluci\u00f3n ideal para quienes buscan una opci\u00f3n compacta y que ocupe poco espacio.<\/p>","protected":false},"excerpt":{"rendered":"<p>Descubra la comodidad como nunca antes con nuestro Fold Up Wagon - una soluci\u00f3n innovadora, que ahorra espacio para las necesidades de transporte. Perfecto para transportar herramientas, comestibles, equipamiento deportivo o juguetes de los ni\u00f1os, este remolque es ligero pero resistente, y se pliega sin esfuerzo para guardarlo f\u00e1cilmente. Mejore sus actividades al aire libre o tareas diarias con su funcionalidad vers\u00e1til. Amplio almacenamiento y versatilidad: [...]<\/p>","protected":false},"featured_media":5216,"comment_status":"open","ping_status":"closed","template":"","meta":{"site-sidebar-layout":"default","site-content-layout":"default","ast-site-content-layout":"default","site-content-style":"default","site-sidebar-style":"default","ast-global-header-display":"","ast-banner-title-visibility":"","ast-main-header-display":"","ast-hfb-above-header-display":"","ast-hfb-below-header-display":"","ast-hfb-mobile-header-display":"","site-post-title":"","ast-breadcrumbs-content":"","ast-featured-img":"","footer-sml-layout":"","theme-transparent-header-meta":"","adv-header-id-meta":"","stick-header-meta":"","header-above-stick-meta":"","header-main-stick-meta":"","header-below-stick-meta":"","astra-migrate-meta-layouts":"default","ast-page-background-enabled":"default","ast-page-background-meta":{"desktop":{"background-color":"","background-image":"","background-repeat":"repeat","background-position":"center center","background-size":"auto","background-attachment":"scroll","background-type":"","background-media":"","overlay-type":"","overlay-color":"","overlay-opacity":"","overlay-gradient":""},"tablet":{"background-color":"","background-image":"","background-repeat":"repeat","background-position":"center center","background-size":"auto","background-attachment":"scroll","background-type":"","background-media":"","overlay-type":"","overlay-color":"","overlay-opacity":"","overlay-gradient":""},"mobile":{"background-color":"","background-image":"","background-repeat":"repeat","background-position":"center center","background-size":"auto","background-attachment":"scroll","background-type":"","background-media":"","overlay-type":"","overlay-color":"","overlay-opacity":"","overlay-gradient":""}},"ast-content-background-meta":{"desktop":{"background-color":"var(--ast-global-color-5)","background-image":"","background-repeat":"repeat","background-position":"center center","background-size":"auto","background-attachment":"scroll","background-type":"","background-media":"","overlay-type":"","overlay-color":"","overlay-opacity":"","overlay-gradient":""},"tablet":{"background-color":"var(--ast-global-color-5)","background-image":"","background-repeat":"repeat","background-position":"center center","background-size":"auto","background-attachment":"scroll","background-type":"","background-media":"","overlay-type":"","overlay-color":"","overlay-opacity":"","overlay-gradient":""},"mobile":{"background-color":"var(--ast-global-color-5)","background-image":"","background-repeat":"repeat","background-position":"center center","background-size":"auto","background-attachment":"scroll","background-type":"","background-media":"","overlay-type":"","overlay-color":"","overlay-opacity":"","overlay-gradient":""}}},"product_cat":[59],"product_tag":[],"class_list":["post-5214","product","type-product","status-publish","has-post-thumbnail","hentry","product_cat-folding-wagon","desktop-align-left","tablet-align-left","mobile-align-left"],"acf":[],"_links":{"self":[{"href":"https:\/\/www.rollingcrates.com\/es\/wp-json\/wp\/v2\/product\/5214","targetHints":{"allow":["GET"]}}],"collection":[{"href":"https:\/\/www.rollingcrates.com\/es\/wp-json\/wp\/v2\/product"}],"about":[{"href":"https:\/\/www.rollingcrates.com\/es\/wp-json\/wp\/v2\/types\/product"}],"replies":[{"embeddable":true,"href":"https:\/\/www.rollingcrates.com\/es\/wp-json\/wp\/v2\/comments?post=5214"}],"wp:featuredmedia":[{"embeddable":true,"href":"https:\/\/www.rollingcrates.com\/es\/wp-json\/wp\/v2\/media\/5216"}],"wp:attachment":[{"href":"https:\/\/www.rollingcrates.com\/es\/wp-json\/wp\/v2\/media?parent=5214"}],"wp:term":[{"taxonomy":"product_cat","embeddable":true,"href":"https:\/\/www.rollingcrates.com\/es\/wp-json\/wp\/v2\/product_cat?post=5214"},{"taxonomy":"product_tag","embeddable":true,"href":"https:\/\/www.rollingcrates.com\/es\/wp-json\/wp\/v2\/product_tag?post=5214"}],"curies":[{"name":"wp","href":"https:\/\/api.w.org\/{rel}","templated":true}]}}