{"id":5185,"date":"2025-02-16T03:55:15","date_gmt":"2025-02-16T03:55:15","guid":{"rendered":"https:\/\/www.rollingcrates.com\/?post_type=product&#038;p=5185"},"modified":"2025-02-16T04:04:36","modified_gmt":"2025-02-16T04:04:36","slug":"foldable-wagon-carts-with-removable-canopy","status":"publish","type":"product","link":"https:\/\/www.rollingcrates.com\/es\/producto\/carros-plegables-con-toldo-desmontable\/","title":{"rendered":"Carretillas plegables con toldo extra\u00edble"},"content":{"rendered":"<p>Explore la comodidad del transporte de mercanc\u00edas con nuestros carros plegables con toldo extra\u00edble. Duradero, vers\u00e1til y f\u00e1cil de usar, este carro est\u00e1 dise\u00f1ado para todas sus actividades al aire libre - desde viajes a la playa, jardiner\u00eda a la compra. El toldo extra\u00edble proporciona sombra y protecci\u00f3n para sus art\u00edculos, garantizando que permanezcan seguros y sin da\u00f1os. Cuando no lo utilice, simplemente pli\u00e9guelo para guardarlo f\u00e1cilmente. Experimente la portabilidad sin complicaciones y a\u00f1ada m\u00e1s comodidad a sus aventuras al aire libre con nuestros carros plegables.<\/p>","protected":false},"excerpt":{"rendered":"<p>Explore la comodidad del transporte de mercanc\u00edas con nuestros carros plegables con toldo extra\u00edble. Duradero, vers\u00e1til y f\u00e1cil de usar, este carro est\u00e1 dise\u00f1ado para todas sus actividades al aire libre - desde viajes a la playa, jardiner\u00eda a la compra. El toldo extra\u00edble proporciona sombra y protecci\u00f3n para sus art\u00edculos, garantizando que permanezcan seguros y sin da\u00f1os. [...]<\/p>","protected":false},"featured_media":5188,"comment_status":"open","ping_status":"closed","template":"","meta":{"site-sidebar-layout":"default","site-content-layout":"default","ast-site-content-layout":"default","site-content-style":"default","site-sidebar-style":"default","ast-global-header-display":"","ast-banner-title-visibility":"","ast-main-header-display":"","ast-hfb-above-header-display":"","ast-hfb-below-header-display":"","ast-hfb-mobile-header-display":"","site-post-title":"","ast-breadcrumbs-content":"","ast-featured-img":"","footer-sml-layout":"","theme-transparent-header-meta":"","adv-header-id-meta":"","stick-header-meta":"","header-above-stick-meta":"","header-main-stick-meta":"","header-below-stick-meta":"","astra-migrate-meta-layouts":"default","ast-page-background-enabled":"default","ast-page-background-meta":{"desktop":{"background-color":"","background-image":"","background-repeat":"repeat","background-position":"center center","background-size":"auto","background-attachment":"scroll","background-type":"","background-media":"","overlay-type":"","overlay-color":"","overlay-opacity":"","overlay-gradient":""},"tablet":{"background-color":"","background-image":"","background-repeat":"repeat","background-position":"center center","background-size":"auto","background-attachment":"scroll","background-type":"","background-media":"","overlay-type":"","overlay-color":"","overlay-opacity":"","overlay-gradient":""},"mobile":{"background-color":"","background-image":"","background-repeat":"repeat","background-position":"center center","background-size":"auto","background-attachment":"scroll","background-type":"","background-media":"","overlay-type":"","overlay-color":"","overlay-opacity":"","overlay-gradient":""}},"ast-content-background-meta":{"desktop":{"background-color":"var(--ast-global-color-5)","background-image":"","background-repeat":"repeat","background-position":"center center","background-size":"auto","background-attachment":"scroll","background-type":"","background-media":"","overlay-type":"","overlay-color":"","overlay-opacity":"","overlay-gradient":""},"tablet":{"background-color":"var(--ast-global-color-5)","background-image":"","background-repeat":"repeat","background-position":"center center","background-size":"auto","background-attachment":"scroll","background-type":"","background-media":"","overlay-type":"","overlay-color":"","overlay-opacity":"","overlay-gradient":""},"mobile":{"background-color":"var(--ast-global-color-5)","background-image":"","background-repeat":"repeat","background-position":"center center","background-size":"auto","background-attachment":"scroll","background-type":"","background-media":"","overlay-type":"","overlay-color":"","overlay-opacity":"","overlay-gradient":""}}},"product_cat":[59],"product_tag":[],"class_list":["post-5185","product","type-product","status-publish","has-post-thumbnail","hentry","product_cat-folding-wagon","desktop-align-left","tablet-align-left","mobile-align-left"],"acf":[],"_links":{"self":[{"href":"https:\/\/www.rollingcrates.com\/es\/wp-json\/wp\/v2\/product\/5185","targetHints":{"allow":["GET"]}}],"collection":[{"href":"https:\/\/www.rollingcrates.com\/es\/wp-json\/wp\/v2\/product"}],"about":[{"href":"https:\/\/www.rollingcrates.com\/es\/wp-json\/wp\/v2\/types\/product"}],"replies":[{"embeddable":true,"href":"https:\/\/www.rollingcrates.com\/es\/wp-json\/wp\/v2\/comments?post=5185"}],"wp:featuredmedia":[{"embeddable":true,"href":"https:\/\/www.rollingcrates.com\/es\/wp-json\/wp\/v2\/media\/5188"}],"wp:attachment":[{"href":"https:\/\/www.rollingcrates.com\/es\/wp-json\/wp\/v2\/media?parent=5185"}],"wp:term":[{"taxonomy":"product_cat","embeddable":true,"href":"https:\/\/www.rollingcrates.com\/es\/wp-json\/wp\/v2\/product_cat?post=5185"},{"taxonomy":"product_tag","embeddable":true,"href":"https:\/\/www.rollingcrates.com\/es\/wp-json\/wp\/v2\/product_tag?post=5185"}],"curies":[{"name":"wp","href":"https:\/\/api.w.org\/{rel}","templated":true}]}}