{"id":5179,"date":"2025-02-16T03:45:37","date_gmt":"2025-02-16T03:45:37","guid":{"rendered":"https:\/\/www.rollingcrates.com\/?post_type=product&#038;p=5179"},"modified":"2025-02-16T04:41:13","modified_gmt":"2025-02-16T04:41:13","slug":"compact-folding-wagon-for-lightweight-transport","status":"publish","type":"product","link":"https:\/\/www.rollingcrates.com\/es\/producto\/vagon-plegable-compacto-para-un-transporte-ligero\/","title":{"rendered":"Vag\u00f3n plegable compacto para un transporte ligero"},"content":{"rendered":"<p>El remolque plegable es una soluci\u00f3n vers\u00e1til que ahorra espacio para todas sus necesidades de transporte. Se abre sin esfuerzo y se pliega en un tama\u00f1o compacto para facilitar su almacenamiento y transporte.<\/p>\n<p>En <strong>Vagoneta plegable compacta<\/strong> se puede cargar con un mont\u00f3n de equipo de camping, incluyendo tiendas de campa\u00f1a, sacos de dormir, neveras y equipo de cocina, y todav\u00eda se mueve sin problemas. El robusto armaz\u00f3n y las ruedas soportan bien el peso, sin ning\u00fan signo de flexi\u00f3n o bamboleo. El armaz\u00f3n de la carretilla plegable est\u00e1 hecho de una aleaci\u00f3n de metal fuerte, que es resistente a la oxidaci\u00f3n y la corrosi\u00f3n, incluso en ambientes al aire libre donde podr\u00eda estar expuesto a la humedad. Las ruedas tambi\u00e9n son duraderas, con buena tracci\u00f3n en diversas superficies como hierba, tierra y grava.<\/p>","protected":false},"excerpt":{"rendered":"<p>El remolque plegable es una soluci\u00f3n vers\u00e1til que ahorra espacio para todas sus necesidades de transporte. Se abre sin esfuerzo y se pliega en un tama\u00f1o compacto para facilitar el almacenamiento y el transporte. El vag\u00f3n plegable compacto se puede cargar con un mont\u00f3n de equipo de camping, incluyendo tiendas de campa\u00f1a, sacos de dormir, neveras y equipo de cocina, y todav\u00eda se mueve sin problemas. El [...]<\/p>","protected":false},"featured_media":5180,"comment_status":"open","ping_status":"closed","template":"","meta":{"site-sidebar-layout":"default","site-content-layout":"default","ast-site-content-layout":"default","site-content-style":"default","site-sidebar-style":"default","ast-global-header-display":"","ast-banner-title-visibility":"","ast-main-header-display":"","ast-hfb-above-header-display":"","ast-hfb-below-header-display":"","ast-hfb-mobile-header-display":"","site-post-title":"","ast-breadcrumbs-content":"","ast-featured-img":"","footer-sml-layout":"","theme-transparent-header-meta":"","adv-header-id-meta":"","stick-header-meta":"","header-above-stick-meta":"","header-main-stick-meta":"","header-below-stick-meta":"","astra-migrate-meta-layouts":"default","ast-page-background-enabled":"default","ast-page-background-meta":{"desktop":{"background-color":"","background-image":"","background-repeat":"repeat","background-position":"center center","background-size":"auto","background-attachment":"scroll","background-type":"","background-media":"","overlay-type":"","overlay-color":"","overlay-opacity":"","overlay-gradient":""},"tablet":{"background-color":"","background-image":"","background-repeat":"repeat","background-position":"center center","background-size":"auto","background-attachment":"scroll","background-type":"","background-media":"","overlay-type":"","overlay-color":"","overlay-opacity":"","overlay-gradient":""},"mobile":{"background-color":"","background-image":"","background-repeat":"repeat","background-position":"center center","background-size":"auto","background-attachment":"scroll","background-type":"","background-media":"","overlay-type":"","overlay-color":"","overlay-opacity":"","overlay-gradient":""}},"ast-content-background-meta":{"desktop":{"background-color":"var(--ast-global-color-5)","background-image":"","background-repeat":"repeat","background-position":"center center","background-size":"auto","background-attachment":"scroll","background-type":"","background-media":"","overlay-type":"","overlay-color":"","overlay-opacity":"","overlay-gradient":""},"tablet":{"background-color":"var(--ast-global-color-5)","background-image":"","background-repeat":"repeat","background-position":"center center","background-size":"auto","background-attachment":"scroll","background-type":"","background-media":"","overlay-type":"","overlay-color":"","overlay-opacity":"","overlay-gradient":""},"mobile":{"background-color":"var(--ast-global-color-5)","background-image":"","background-repeat":"repeat","background-position":"center center","background-size":"auto","background-attachment":"scroll","background-type":"","background-media":"","overlay-type":"","overlay-color":"","overlay-opacity":"","overlay-gradient":""}}},"product_cat":[59],"product_tag":[],"class_list":["post-5179","product","type-product","status-publish","has-post-thumbnail","hentry","product_cat-folding-wagon","desktop-align-left","tablet-align-left","mobile-align-left"],"acf":[],"_links":{"self":[{"href":"https:\/\/www.rollingcrates.com\/es\/wp-json\/wp\/v2\/product\/5179","targetHints":{"allow":["GET"]}}],"collection":[{"href":"https:\/\/www.rollingcrates.com\/es\/wp-json\/wp\/v2\/product"}],"about":[{"href":"https:\/\/www.rollingcrates.com\/es\/wp-json\/wp\/v2\/types\/product"}],"replies":[{"embeddable":true,"href":"https:\/\/www.rollingcrates.com\/es\/wp-json\/wp\/v2\/comments?post=5179"}],"wp:featuredmedia":[{"embeddable":true,"href":"https:\/\/www.rollingcrates.com\/es\/wp-json\/wp\/v2\/media\/5180"}],"wp:attachment":[{"href":"https:\/\/www.rollingcrates.com\/es\/wp-json\/wp\/v2\/media?parent=5179"}],"wp:term":[{"taxonomy":"product_cat","embeddable":true,"href":"https:\/\/www.rollingcrates.com\/es\/wp-json\/wp\/v2\/product_cat?post=5179"},{"taxonomy":"product_tag","embeddable":true,"href":"https:\/\/www.rollingcrates.com\/es\/wp-json\/wp\/v2\/product_tag?post=5179"}],"curies":[{"name":"wp","href":"https:\/\/api.w.org\/{rel}","templated":true}]}}