{"id":2,"date":"2019-01-16T12:43:51","date_gmt":"2019-01-16T12:43:51","guid":{"rendered":"http:\/\/www.rollingcrates.com\/?page_id=2"},"modified":"2025-02-16T04:40:27","modified_gmt":"2025-02-16T04:40:27","slug":"sample-page","status":"publish","type":"page","link":"https:\/\/www.rollingcrates.com\/es\/","title":{"rendered":"Venta al por mayor de cajas rodantes, cajas con ruedas"},"content":{"rendered":"<div class=\"wp-block-columns is-layout-flex wp-container-core-columns-is-layout-28f84493 wp-block-columns-is-layout-flex\">\n<div class=\"wp-block-column is-layout-flow wp-block-column-is-layout-flow\">\n<figure class=\"wp-block-image size-full is-resized\"><a href=\"https:\/\/www.rollingcrates.com\/es\/categoria-producto\/cajas-rodantes\/\"><img loading=\"lazy\" decoding=\"async\" src=\"https:\/\/www.rollingcrates.com\/wp-content\/uploads\/2021\/07\/rolling-storage-crate-with-handle-1.jpeg\" alt=\"caja de almacenaje rodante con asa\" class=\"wp-image-5133\" width=\"508\" height=\"508\" srcset=\"https:\/\/www.rollingcrates.com\/wp-content\/uploads\/2021\/07\/rolling-storage-crate-with-handle-1.jpeg 800w, https:\/\/www.rollingcrates.com\/wp-content\/uploads\/2021\/07\/rolling-storage-crate-with-handle-1-300x300.jpeg 300w, https:\/\/www.rollingcrates.com\/wp-content\/uploads\/2021\/07\/rolling-storage-crate-with-handle-1-150x150.jpeg 150w, https:\/\/www.rollingcrates.com\/wp-content\/uploads\/2021\/07\/rolling-storage-crate-with-handle-1-768x768.jpeg 768w, https:\/\/www.rollingcrates.com\/wp-content\/uploads\/2021\/07\/rolling-storage-crate-with-handle-1-600x600.jpeg 600w, https:\/\/www.rollingcrates.com\/wp-content\/uploads\/2021\/07\/rolling-storage-crate-with-handle-1-100x100.jpeg 100w\" sizes=\"auto, (max-width: 508px) 100vw, 508px\" \/><\/a><figcaption>Caja de almacenamiento rodante con asa<\/figcaption><\/figure>\n\n\n\n<p>Transporte f\u00e1cilmente cualquier cosa, desde materiales art\u00edsticos hasta suministros y equipos. Pr\u00e1ctico y plegable,&nbsp;<em>cajas rodantes<\/em>&nbsp;puede utilizarse como bolsa de la compra, carro de la compra o incluso como portaequipajes de avi\u00f3n<\/p>\n<\/div>\n\n\n\n<div class=\"wp-block-column is-layout-flow wp-block-column-is-layout-flow\">\n<figure class=\"wp-block-image size-full\"><a href=\"https:\/\/www.rollingcrates.com\/es\/categoria-producto\/vagon-plegable\/\"><img loading=\"lazy\" decoding=\"async\" width=\"720\" height=\"720\" src=\"https:\/\/www.rollingcrates.com\/wp-content\/uploads\/2025\/02\/compact-folding-wagon-for-lightweight-transport-3.jpg\" alt=\"vag\u00f3n plegable compacto para un transporte ligero\" class=\"wp-image-5182\" srcset=\"https:\/\/www.rollingcrates.com\/wp-content\/uploads\/2025\/02\/compact-folding-wagon-for-lightweight-transport-3.jpg 720w, https:\/\/www.rollingcrates.com\/wp-content\/uploads\/2025\/02\/compact-folding-wagon-for-lightweight-transport-3-300x300.jpg 300w, https:\/\/www.rollingcrates.com\/wp-content\/uploads\/2025\/02\/compact-folding-wagon-for-lightweight-transport-3-150x150.jpg 150w, https:\/\/www.rollingcrates.com\/wp-content\/uploads\/2025\/02\/compact-folding-wagon-for-lightweight-transport-3-600x600.jpg 600w, https:\/\/www.rollingcrates.com\/wp-content\/uploads\/2025\/02\/compact-folding-wagon-for-lightweight-transport-3-100x100.jpg 100w\" sizes=\"auto, (max-width: 720px) 100vw, 720px\" \/><\/a><figcaption>Carro plegable<\/figcaption><\/figure>\n\n\n\n<p>El carro plegable compacto es una opci\u00f3n asequible que puede transportar f\u00e1cilmente una gran variedad de art\u00edculos. Sus c\u00f3modas caracter\u00edsticas y su capacidad de plegado r\u00e1pido hacen que estos carros plegables sean perfectos para las familias viajeras.<\/p>\n\n\n\n<p><\/p>\n<\/div>\n<\/div>\n\n\n\n<div class=\"wp-block-columns has-2-columns is-layout-flex wp-container-core-columns-is-layout-28f84493 wp-block-columns-is-layout-flex\">\n<div class=\"wp-block-column is-layout-flow wp-block-column-is-layout-flow\">\n<figure class=\"wp-block-image is-resized\"><a href=\"https:\/\/www.rollingcrates.com\/es\/categoria-producto\/contenedores-de-distribucion\/\"><img loading=\"lazy\" decoding=\"async\" src=\"https:\/\/www.rollingcrates.com\/wp-content\/uploads\/2019\/01\/attached-lid-containers.png\" alt=\"contenedor con tapa\" class=\"wp-image-357\" width=\"346\" height=\"333\" srcset=\"https:\/\/www.rollingcrates.com\/wp-content\/uploads\/2019\/01\/attached-lid-containers.png 346w, https:\/\/www.rollingcrates.com\/wp-content\/uploads\/2019\/01\/attached-lid-containers-300x289.png 300w\" sizes=\"auto, (max-width: 346px) 100vw, 346px\" \/><\/a><figcaption>Recipientes de distribuci\u00f3n con tapa adosada<\/figcaption><\/figure>\n<\/div>\n\n\n\n<div class=\"wp-block-column is-layout-flow wp-block-column-is-layout-flow\">\n<figure class=\"wp-block-image\"><a href=\"https:\/\/www.rollingcrates.com\/es\/categoria-producto\/cajas-plegables\/\"><img loading=\"lazy\" decoding=\"async\" width=\"498\" height=\"314\" src=\"https:\/\/www.rollingcrates.com\/wp-content\/uploads\/2019\/01\/collapsible-plastic-boxes-1.jpg\" alt=\"Cajas de pl\u00e1stico plegables\" class=\"wp-image-360\" srcset=\"https:\/\/www.rollingcrates.com\/wp-content\/uploads\/2019\/01\/collapsible-plastic-boxes-1.jpg 498w, https:\/\/www.rollingcrates.com\/wp-content\/uploads\/2019\/01\/collapsible-plastic-boxes-1-300x189.jpg 300w\" sizes=\"auto, (max-width: 498px) 100vw, 498px\" \/><\/a><figcaption>Cajas de pl\u00e1stico plegables<\/figcaption><\/figure>\n<\/div>\n<\/div>\n\n\n\n<p>Nuestros principales productos son <strong>Cajas rodantes<\/strong>recipientes de distribuci\u00f3n con tapa, <strong>cajas de pl\u00e1stico plegables<\/strong>contenedores apilables euro, <strong>contenedor de paletas de pl\u00e1stico<\/strong>Tambi\u00e9n podemos fabricar productos de pl\u00e1stico personalizados seg\u00fan sus necesidades.<\/p>","protected":false},"excerpt":{"rendered":"<p>Transporte f\u00e1cilmente cualquier cosa, desde materiales de arte, suministros y equipos. C\u00f3modas cajas plegables con ruedas que se pueden utilizar como cesta de la compra, carro de la compra o incluso como portaequipajes de avi\u00f3n El carro plegable compacto es una opci\u00f3n asequible que puede transportar f\u00e1cilmente una gran variedad de art\u00edculos. Sus c\u00f3modas caracter\u00edsticas y su capacidad de plegado r\u00e1pido hacen que estos carros plegables sean perfectos para las familias que se desplazan. [...]<\/p>","protected":false},"author":1,"featured_media":0,"parent":0,"menu_order":0,"comment_status":"closed","ping_status":"open","template":"","meta":{"site-sidebar-layout":"no-sidebar","site-content-layout":"default","ast-site-content-layout":"default","site-content-style":"default","site-sidebar-style":"default","ast-global-header-display":"","ast-banner-title-visibility":"","ast-main-header-display":"","ast-hfb-above-header-display":"","ast-hfb-below-header-display":"","ast-hfb-mobile-header-display":"","site-post-title":"","ast-breadcrumbs-content":"","ast-featured-img":"","footer-sml-layout":"","theme-transparent-header-meta":"default","adv-header-id-meta":"","stick-header-meta":"","header-above-stick-meta":"","header-main-stick-meta":"","header-below-stick-meta":"","astra-migrate-meta-layouts":"default","ast-page-background-enabled":"default","ast-page-background-meta":{"desktop":{"background-color":"","background-image":"","background-repeat":"repeat","background-position":"center center","background-size":"auto","background-attachment":"scroll","background-type":"","background-media":"","overlay-type":"","overlay-color":"","overlay-opacity":"","overlay-gradient":""},"tablet":{"background-color":"","background-image":"","background-repeat":"repeat","background-position":"center center","background-size":"auto","background-attachment":"scroll","background-type":"","background-media":"","overlay-type":"","overlay-color":"","overlay-opacity":"","overlay-gradient":""},"mobile":{"background-color":"","background-image":"","background-repeat":"repeat","background-position":"center center","background-size":"auto","background-attachment":"scroll","background-type":"","background-media":"","overlay-type":"","overlay-color":"","overlay-opacity":"","overlay-gradient":""}},"ast-content-background-meta":{"desktop":{"background-color":"var(--ast-global-color-5)","background-image":"","background-repeat":"repeat","background-position":"center center","background-size":"auto","background-attachment":"scroll","background-type":"","background-media":"","overlay-type":"","overlay-color":"","overlay-opacity":"","overlay-gradient":""},"tablet":{"background-color":"var(--ast-global-color-5)","background-image":"","background-repeat":"repeat","background-position":"center center","background-size":"auto","background-attachment":"scroll","background-type":"","background-media":"","overlay-type":"","overlay-color":"","overlay-opacity":"","overlay-gradient":""},"mobile":{"background-color":"var(--ast-global-color-5)","background-image":"","background-repeat":"repeat","background-position":"center center","background-size":"auto","background-attachment":"scroll","background-type":"","background-media":"","overlay-type":"","overlay-color":"","overlay-opacity":"","overlay-gradient":""}},"footnotes":""},"class_list":["post-2","page","type-page","status-publish","hentry"],"acf":[],"_links":{"self":[{"href":"https:\/\/www.rollingcrates.com\/es\/wp-json\/wp\/v2\/pages\/2","targetHints":{"allow":["GET"]}}],"collection":[{"href":"https:\/\/www.rollingcrates.com\/es\/wp-json\/wp\/v2\/pages"}],"about":[{"href":"https:\/\/www.rollingcrates.com\/es\/wp-json\/wp\/v2\/types\/page"}],"author":[{"embeddable":true,"href":"https:\/\/www.rollingcrates.com\/es\/wp-json\/wp\/v2\/users\/1"}],"replies":[{"embeddable":true,"href":"https:\/\/www.rollingcrates.com\/es\/wp-json\/wp\/v2\/comments?post=2"}],"version-history":[{"count":14,"href":"https:\/\/www.rollingcrates.com\/es\/wp-json\/wp\/v2\/pages\/2\/revisions"}],"predecessor-version":[{"id":5199,"href":"https:\/\/www.rollingcrates.com\/es\/wp-json\/wp\/v2\/pages\/2\/revisions\/5199"}],"wp:attachment":[{"href":"https:\/\/www.rollingcrates.com\/es\/wp-json\/wp\/v2\/media?parent=2"}],"curies":[{"name":"wp","href":"https:\/\/api.w.org\/{rel}","templated":true}]}}