{"id":5214,"date":"2025-02-18T09:24:08","date_gmt":"2025-02-18T09:24:08","guid":{"rendered":"https:\/\/www.rollingcrates.com\/?post_type=product&#038;p=5214"},"modified":"2025-02-18T09:52:37","modified_gmt":"2025-02-18T09:52:37","slug":"fold-up-wagonwagon-that-folds","status":"publish","type":"product","link":"https:\/\/www.rollingcrates.com\/de\/product\/zusammenklappbarer-wagenwaggon-der-sich-zusammenklappen-lasst\/","title":{"rendered":"Zusammenklappbarer Wagen, faltbarer Wagen"},"content":{"rendered":"<p>Entdecken Sie den Komfort unseres Fold Up Wagon - eine innovative, platzsparende L\u00f6sung f\u00fcr den Transportbedarf. Dieser leichte und dennoch robuste Wagen eignet sich perfekt f\u00fcr den Transport von Werkzeug, Lebensmitteln, Sportger\u00e4ten oder Kinderspielzeug und l\u00e4sst sich m\u00fchelos zusammenfalten und verstauen. Mit seiner vielseitigen Funktionalit\u00e4t bereichert er Ihre Aktivit\u00e4ten im Freien oder Ihre t\u00e4glichen Aufgaben.<\/p>\n<p><strong>Gro\u00dfz\u00fcgige Lagerung und Vielseitigkeit<\/strong>: Dieser zusammenklappbare Wagen bietet viel Stauraum und eignet sich perfekt f\u00fcr alle, die beim Camping, bei Strandausfl\u00fcgen oder beim Grillen gro\u00dfe Mengen an Waren transportieren m\u00fcssen.<\/p>\n<p><strong>Personalisierungsfunktionen<\/strong>: Dieser Wagen kann mit Ihren individuellen Logos versehen werden, was ihn zu einem hervorragenden Marketinginstrument f\u00fcr Unternehmen und Gruppen macht, die ihre Marke pr\u00e4sentieren m\u00f6chten.<\/p>\n<p><strong>Hochwertigkeit und Robustheit<\/strong>: Die Konstruktion aus hochwertigem Oxford-Gewebe und rostfreiem Stahl garantiert Langlebigkeit und zuverl\u00e4ssige Leistung, selbst in rauen Au\u00dfenumgebungen.<\/p>\n<p><strong>M\u00fchelose Mobilit\u00e4t<\/strong>: Der zusammenklappbare Wagen mit seiner vierr\u00e4drigen Konstruktion erm\u00f6glicht eine reibungslose und leichte Bewegung, die einen einfachen Transport \u00fcber verschiedene Terrains und Oberfl\u00e4chen erm\u00f6glicht.<\/p>\n<p><strong>Platzsparendes Faltdesign<\/strong>: Das faltbare Design erm\u00f6glicht eine einfache Lagerung und einen einfachen Transport und ist damit die ideale L\u00f6sung f\u00fcr alle, die eine kompakte und platzsparende L\u00f6sung suchen.<\/p>","protected":false},"excerpt":{"rendered":"<p>Entdecken Sie den Komfort unseres Fold Up Wagon - eine innovative, platzsparende L\u00f6sung f\u00fcr den Transportbedarf. Dieser leichte und dennoch robuste Wagen eignet sich perfekt f\u00fcr den Transport von Werkzeug, Lebensmitteln, Sportger\u00e4ten oder Kinderspielzeug und l\u00e4sst sich m\u00fchelos zusammenklappen und verstauen. Mit seiner vielseitigen Funktionalit\u00e4t bereichert er Ihre Aktivit\u00e4ten im Freien oder Ihre t\u00e4glichen Aufgaben. Reichlich Stauraum und Vielseitigkeit: [...]<\/p>","protected":false},"featured_media":5216,"comment_status":"open","ping_status":"closed","template":"","meta":{"site-sidebar-layout":"default","site-content-layout":"default","ast-site-content-layout":"default","site-content-style":"default","site-sidebar-style":"default","ast-global-header-display":"","ast-banner-title-visibility":"","ast-main-header-display":"","ast-hfb-above-header-display":"","ast-hfb-below-header-display":"","ast-hfb-mobile-header-display":"","site-post-title":"","ast-breadcrumbs-content":"","ast-featured-img":"","footer-sml-layout":"","theme-transparent-header-meta":"","adv-header-id-meta":"","stick-header-meta":"","header-above-stick-meta":"","header-main-stick-meta":"","header-below-stick-meta":"","astra-migrate-meta-layouts":"default","ast-page-background-enabled":"default","ast-page-background-meta":{"desktop":{"background-color":"","background-image":"","background-repeat":"repeat","background-position":"center center","background-size":"auto","background-attachment":"scroll","background-type":"","background-media":"","overlay-type":"","overlay-color":"","overlay-opacity":"","overlay-gradient":""},"tablet":{"background-color":"","background-image":"","background-repeat":"repeat","background-position":"center center","background-size":"auto","background-attachment":"scroll","background-type":"","background-media":"","overlay-type":"","overlay-color":"","overlay-opacity":"","overlay-gradient":""},"mobile":{"background-color":"","background-image":"","background-repeat":"repeat","background-position":"center center","background-size":"auto","background-attachment":"scroll","background-type":"","background-media":"","overlay-type":"","overlay-color":"","overlay-opacity":"","overlay-gradient":""}},"ast-content-background-meta":{"desktop":{"background-color":"var(--ast-global-color-5)","background-image":"","background-repeat":"repeat","background-position":"center center","background-size":"auto","background-attachment":"scroll","background-type":"","background-media":"","overlay-type":"","overlay-color":"","overlay-opacity":"","overlay-gradient":""},"tablet":{"background-color":"var(--ast-global-color-5)","background-image":"","background-repeat":"repeat","background-position":"center center","background-size":"auto","background-attachment":"scroll","background-type":"","background-media":"","overlay-type":"","overlay-color":"","overlay-opacity":"","overlay-gradient":""},"mobile":{"background-color":"var(--ast-global-color-5)","background-image":"","background-repeat":"repeat","background-position":"center center","background-size":"auto","background-attachment":"scroll","background-type":"","background-media":"","overlay-type":"","overlay-color":"","overlay-opacity":"","overlay-gradient":""}}},"product_cat":[59],"product_tag":[],"class_list":["post-5214","product","type-product","status-publish","has-post-thumbnail","hentry","product_cat-folding-wagon","desktop-align-left","tablet-align-left","mobile-align-left"],"acf":[],"_links":{"self":[{"href":"https:\/\/www.rollingcrates.com\/de\/wp-json\/wp\/v2\/product\/5214","targetHints":{"allow":["GET"]}}],"collection":[{"href":"https:\/\/www.rollingcrates.com\/de\/wp-json\/wp\/v2\/product"}],"about":[{"href":"https:\/\/www.rollingcrates.com\/de\/wp-json\/wp\/v2\/types\/product"}],"replies":[{"embeddable":true,"href":"https:\/\/www.rollingcrates.com\/de\/wp-json\/wp\/v2\/comments?post=5214"}],"wp:featuredmedia":[{"embeddable":true,"href":"https:\/\/www.rollingcrates.com\/de\/wp-json\/wp\/v2\/media\/5216"}],"wp:attachment":[{"href":"https:\/\/www.rollingcrates.com\/de\/wp-json\/wp\/v2\/media?parent=5214"}],"wp:term":[{"taxonomy":"product_cat","embeddable":true,"href":"https:\/\/www.rollingcrates.com\/de\/wp-json\/wp\/v2\/product_cat?post=5214"},{"taxonomy":"product_tag","embeddable":true,"href":"https:\/\/www.rollingcrates.com\/de\/wp-json\/wp\/v2\/product_tag?post=5214"}],"curies":[{"name":"wp","href":"https:\/\/api.w.org\/{rel}","templated":true}]}}