{"id":5200,"date":"2025-02-16T04:44:04","date_gmt":"2025-02-16T04:44:04","guid":{"rendered":"https:\/\/www.rollingcrates.com\/?post_type=product&#038;p=5200"},"modified":"2025-02-16T05:02:35","modified_gmt":"2025-02-16T05:02:35","slug":"heavy-duty-folding-wagon-cart-with-cup-holders","status":"publish","type":"product","link":"https:\/\/www.rollingcrates.com\/de\/product\/schwerlast-klappwagen-mit-becherhaltern\/","title":{"rendered":"Schwerer klappbarer Wagen mit Getr\u00e4nkehaltern"},"content":{"rendered":"<p>Der Heavy Duty Folding Wagon Cart ist ein vielseitiges Transportger\u00e4t mit hohem Fassungsverm\u00f6gen, das sowohl f\u00fcr den Innen- als auch f\u00fcr den Au\u00dfenbereich geeignet ist. Dank seiner robusten Konstruktion kann er m\u00fchelos schwere Lasten transportieren und ist daher ideal f\u00fcr Gartenarbeit, Camping oder Lebensmitteleink\u00e4ufe. Durch sein faltbares Design l\u00e4sst er sich leicht verstauen und transportieren, so dass er bei jedem Einsatz bequem ist. Ein Muss f\u00fcr alle, die auf der Suche nach \u00fcberlegener Haltbarkeit und Funktionalit\u00e4t sind.<\/p>","protected":false},"excerpt":{"rendered":"<p>Der Heavy Duty Folding Wagon Cart ist ein vielseitiges Transportger\u00e4t mit hohem Fassungsverm\u00f6gen, das sowohl f\u00fcr den Innen- als auch f\u00fcr den Au\u00dfenbereich geeignet ist. Dank seiner robusten Konstruktion kann er m\u00fchelos schwere Lasten transportieren und ist daher ideal f\u00fcr Gartenarbeit, Camping oder Lebensmitteleink\u00e4ufe. Durch sein faltbares Design l\u00e4sst er sich leicht verstauen und transportieren, so dass er bei jedem Einsatz praktisch ist. Ein unentbehrliches Utensil [...]<\/p>","protected":false},"featured_media":5201,"comment_status":"open","ping_status":"closed","template":"","meta":{"site-sidebar-layout":"default","site-content-layout":"default","ast-site-content-layout":"default","site-content-style":"default","site-sidebar-style":"default","ast-global-header-display":"","ast-banner-title-visibility":"","ast-main-header-display":"","ast-hfb-above-header-display":"","ast-hfb-below-header-display":"","ast-hfb-mobile-header-display":"","site-post-title":"","ast-breadcrumbs-content":"","ast-featured-img":"","footer-sml-layout":"","theme-transparent-header-meta":"","adv-header-id-meta":"","stick-header-meta":"","header-above-stick-meta":"","header-main-stick-meta":"","header-below-stick-meta":"","astra-migrate-meta-layouts":"default","ast-page-background-enabled":"default","ast-page-background-meta":{"desktop":{"background-color":"","background-image":"","background-repeat":"repeat","background-position":"center center","background-size":"auto","background-attachment":"scroll","background-type":"","background-media":"","overlay-type":"","overlay-color":"","overlay-opacity":"","overlay-gradient":""},"tablet":{"background-color":"","background-image":"","background-repeat":"repeat","background-position":"center center","background-size":"auto","background-attachment":"scroll","background-type":"","background-media":"","overlay-type":"","overlay-color":"","overlay-opacity":"","overlay-gradient":""},"mobile":{"background-color":"","background-image":"","background-repeat":"repeat","background-position":"center center","background-size":"auto","background-attachment":"scroll","background-type":"","background-media":"","overlay-type":"","overlay-color":"","overlay-opacity":"","overlay-gradient":""}},"ast-content-background-meta":{"desktop":{"background-color":"var(--ast-global-color-5)","background-image":"","background-repeat":"repeat","background-position":"center center","background-size":"auto","background-attachment":"scroll","background-type":"","background-media":"","overlay-type":"","overlay-color":"","overlay-opacity":"","overlay-gradient":""},"tablet":{"background-color":"var(--ast-global-color-5)","background-image":"","background-repeat":"repeat","background-position":"center center","background-size":"auto","background-attachment":"scroll","background-type":"","background-media":"","overlay-type":"","overlay-color":"","overlay-opacity":"","overlay-gradient":""},"mobile":{"background-color":"var(--ast-global-color-5)","background-image":"","background-repeat":"repeat","background-position":"center center","background-size":"auto","background-attachment":"scroll","background-type":"","background-media":"","overlay-type":"","overlay-color":"","overlay-opacity":"","overlay-gradient":""}}},"product_cat":[59],"product_tag":[],"class_list":["post-5200","product","type-product","status-publish","has-post-thumbnail","hentry","product_cat-folding-wagon","desktop-align-left","tablet-align-left","mobile-align-left"],"acf":[],"_links":{"self":[{"href":"https:\/\/www.rollingcrates.com\/de\/wp-json\/wp\/v2\/product\/5200","targetHints":{"allow":["GET"]}}],"collection":[{"href":"https:\/\/www.rollingcrates.com\/de\/wp-json\/wp\/v2\/product"}],"about":[{"href":"https:\/\/www.rollingcrates.com\/de\/wp-json\/wp\/v2\/types\/product"}],"replies":[{"embeddable":true,"href":"https:\/\/www.rollingcrates.com\/de\/wp-json\/wp\/v2\/comments?post=5200"}],"wp:featuredmedia":[{"embeddable":true,"href":"https:\/\/www.rollingcrates.com\/de\/wp-json\/wp\/v2\/media\/5201"}],"wp:attachment":[{"href":"https:\/\/www.rollingcrates.com\/de\/wp-json\/wp\/v2\/media?parent=5200"}],"wp:term":[{"taxonomy":"product_cat","embeddable":true,"href":"https:\/\/www.rollingcrates.com\/de\/wp-json\/wp\/v2\/product_cat?post=5200"},{"taxonomy":"product_tag","embeddable":true,"href":"https:\/\/www.rollingcrates.com\/de\/wp-json\/wp\/v2\/product_tag?post=5200"}],"curies":[{"name":"wp","href":"https:\/\/api.w.org\/{rel}","templated":true}]}}