{"id":5185,"date":"2025-02-16T03:55:15","date_gmt":"2025-02-16T03:55:15","guid":{"rendered":"https:\/\/www.rollingcrates.com\/?post_type=product&#038;p=5185"},"modified":"2025-02-16T04:04:36","modified_gmt":"2025-02-16T04:04:36","slug":"foldable-wagon-carts-with-removable-canopy","status":"publish","type":"product","link":"https:\/\/www.rollingcrates.com\/de\/product\/faltbare-wagen-mit-abnehmbarem-verdeck\/","title":{"rendered":"Faltbare Wagen mit abnehmbarem Verdeck"},"content":{"rendered":"<p>Entdecken Sie die Bequemlichkeit des Warentransports mit unseren faltbaren Wagen mit abnehmbarem Vordach. Dieser robuste, vielseitige und einfach zu bedienende Wagen ist f\u00fcr alle Ihre Aktivit\u00e4ten im Freien geeignet - von Strandausfl\u00fcgen \u00fcber Gartenarbeit bis hin zum Lebensmitteleinkauf. Das abnehmbare Vordach spendet Schatten und sch\u00fctzt Ihre Gegenst\u00e4nde, damit sie sicher und unbesch\u00e4digt bleiben. Wenn er nicht gebraucht wird, l\u00e4sst er sich einfach zusammenklappen und verstauen. Erleben Sie m\u00fchelose Mobilit\u00e4t und mehr Komfort bei Ihren Outdoor-Abenteuern mit unseren faltbaren Bollerwagen<\/p>","protected":false},"excerpt":{"rendered":"<p>Entdecken Sie den Komfort des Warentransports mit unseren faltbaren Wagen mit abnehmbarem Verdeck. Dieser robuste, vielseitige und einfach zu bedienende Wagen ist f\u00fcr alle Ihre Aktivit\u00e4ten im Freien geeignet - von Strandausfl\u00fcgen \u00fcber Gartenarbeit bis hin zum Lebensmitteleinkauf. Das abnehmbare Vordach spendet Schatten und sch\u00fctzt Ihre Gegenst\u00e4nde, damit sie sicher und unbesch\u00e4digt bleiben. [...]<\/p>","protected":false},"featured_media":5188,"comment_status":"open","ping_status":"closed","template":"","meta":{"site-sidebar-layout":"default","site-content-layout":"default","ast-site-content-layout":"default","site-content-style":"default","site-sidebar-style":"default","ast-global-header-display":"","ast-banner-title-visibility":"","ast-main-header-display":"","ast-hfb-above-header-display":"","ast-hfb-below-header-display":"","ast-hfb-mobile-header-display":"","site-post-title":"","ast-breadcrumbs-content":"","ast-featured-img":"","footer-sml-layout":"","theme-transparent-header-meta":"","adv-header-id-meta":"","stick-header-meta":"","header-above-stick-meta":"","header-main-stick-meta":"","header-below-stick-meta":"","astra-migrate-meta-layouts":"default","ast-page-background-enabled":"default","ast-page-background-meta":{"desktop":{"background-color":"","background-image":"","background-repeat":"repeat","background-position":"center center","background-size":"auto","background-attachment":"scroll","background-type":"","background-media":"","overlay-type":"","overlay-color":"","overlay-opacity":"","overlay-gradient":""},"tablet":{"background-color":"","background-image":"","background-repeat":"repeat","background-position":"center center","background-size":"auto","background-attachment":"scroll","background-type":"","background-media":"","overlay-type":"","overlay-color":"","overlay-opacity":"","overlay-gradient":""},"mobile":{"background-color":"","background-image":"","background-repeat":"repeat","background-position":"center center","background-size":"auto","background-attachment":"scroll","background-type":"","background-media":"","overlay-type":"","overlay-color":"","overlay-opacity":"","overlay-gradient":""}},"ast-content-background-meta":{"desktop":{"background-color":"var(--ast-global-color-5)","background-image":"","background-repeat":"repeat","background-position":"center center","background-size":"auto","background-attachment":"scroll","background-type":"","background-media":"","overlay-type":"","overlay-color":"","overlay-opacity":"","overlay-gradient":""},"tablet":{"background-color":"var(--ast-global-color-5)","background-image":"","background-repeat":"repeat","background-position":"center center","background-size":"auto","background-attachment":"scroll","background-type":"","background-media":"","overlay-type":"","overlay-color":"","overlay-opacity":"","overlay-gradient":""},"mobile":{"background-color":"var(--ast-global-color-5)","background-image":"","background-repeat":"repeat","background-position":"center center","background-size":"auto","background-attachment":"scroll","background-type":"","background-media":"","overlay-type":"","overlay-color":"","overlay-opacity":"","overlay-gradient":""}}},"product_cat":[59],"product_tag":[],"class_list":["post-5185","product","type-product","status-publish","has-post-thumbnail","hentry","product_cat-folding-wagon","desktop-align-left","tablet-align-left","mobile-align-left"],"acf":[],"_links":{"self":[{"href":"https:\/\/www.rollingcrates.com\/de\/wp-json\/wp\/v2\/product\/5185","targetHints":{"allow":["GET"]}}],"collection":[{"href":"https:\/\/www.rollingcrates.com\/de\/wp-json\/wp\/v2\/product"}],"about":[{"href":"https:\/\/www.rollingcrates.com\/de\/wp-json\/wp\/v2\/types\/product"}],"replies":[{"embeddable":true,"href":"https:\/\/www.rollingcrates.com\/de\/wp-json\/wp\/v2\/comments?post=5185"}],"wp:featuredmedia":[{"embeddable":true,"href":"https:\/\/www.rollingcrates.com\/de\/wp-json\/wp\/v2\/media\/5188"}],"wp:attachment":[{"href":"https:\/\/www.rollingcrates.com\/de\/wp-json\/wp\/v2\/media?parent=5185"}],"wp:term":[{"taxonomy":"product_cat","embeddable":true,"href":"https:\/\/www.rollingcrates.com\/de\/wp-json\/wp\/v2\/product_cat?post=5185"},{"taxonomy":"product_tag","embeddable":true,"href":"https:\/\/www.rollingcrates.com\/de\/wp-json\/wp\/v2\/product_tag?post=5185"}],"curies":[{"name":"wp","href":"https:\/\/api.w.org\/{rel}","templated":true}]}}