{"id":5179,"date":"2025-02-16T03:45:37","date_gmt":"2025-02-16T03:45:37","guid":{"rendered":"https:\/\/www.rollingcrates.com\/?post_type=product&#038;p=5179"},"modified":"2025-02-16T04:41:13","modified_gmt":"2025-02-16T04:41:13","slug":"compact-folding-wagon-for-lightweight-transport","status":"publish","type":"product","link":"https:\/\/www.rollingcrates.com\/de\/product\/kompakter-faltwagen-fur-leichten-transport\/","title":{"rendered":"Kompakter Faltwagen f\u00fcr leichten Transport"},"content":{"rendered":"<p>Der Folding Wagon ist eine vielseitige, platzsparende L\u00f6sung f\u00fcr all Ihre Transportanforderungen. Er l\u00e4sst sich m\u00fchelos \u00f6ffnen und auf eine kompakte Gr\u00f6\u00dfe zusammenklappen, um ihn einfach zu lagern und zu transportieren.<\/p>\n<p>Die <strong>Kompakter Faltwagen<\/strong> kann mit einer Menge Campingausr\u00fcstung beladen werden, darunter Zelte, Schlafs\u00e4cke, K\u00fchlboxen und Kochutensilien, und er bewegt sich trotzdem reibungslos. Der robuste Rahmen und die R\u00e4der tragen das Gewicht gut, ohne Anzeichen von Biegen oder Wackeln. Der Rahmen des Faltwagens besteht aus einer starken Metalllegierung, die selbst in Au\u00dfenbereichen, in denen sie Feuchtigkeit ausgesetzt ist, rost- und korrosionsbest\u00e4ndig ist. Die R\u00e4der sind ebenfalls langlebig und haben eine gute Traktion auf verschiedenen Oberfl\u00e4chen wie Gras, Schmutz und Schotter.<\/p>","protected":false},"excerpt":{"rendered":"<p>Der Folding Wagon ist eine vielseitige, platzsparende L\u00f6sung f\u00fcr all Ihre Transportanforderungen. Er l\u00e4sst sich m\u00fchelos \u00f6ffnen und auf ein kompaktes Ma\u00df zusammenfalten, sodass er sich leicht verstauen und transportieren l\u00e4sst. Der Compact Folding Wagon kann mit einer Menge Campingausr\u00fcstung beladen werden, darunter Zelte, Schlafs\u00e4cke, K\u00fchlboxen und Kochgeschirr, und er bewegt sich trotzdem reibungslos. Der [...]<\/p>","protected":false},"featured_media":5180,"comment_status":"open","ping_status":"closed","template":"","meta":{"site-sidebar-layout":"default","site-content-layout":"default","ast-site-content-layout":"default","site-content-style":"default","site-sidebar-style":"default","ast-global-header-display":"","ast-banner-title-visibility":"","ast-main-header-display":"","ast-hfb-above-header-display":"","ast-hfb-below-header-display":"","ast-hfb-mobile-header-display":"","site-post-title":"","ast-breadcrumbs-content":"","ast-featured-img":"","footer-sml-layout":"","theme-transparent-header-meta":"","adv-header-id-meta":"","stick-header-meta":"","header-above-stick-meta":"","header-main-stick-meta":"","header-below-stick-meta":"","astra-migrate-meta-layouts":"default","ast-page-background-enabled":"default","ast-page-background-meta":{"desktop":{"background-color":"","background-image":"","background-repeat":"repeat","background-position":"center center","background-size":"auto","background-attachment":"scroll","background-type":"","background-media":"","overlay-type":"","overlay-color":"","overlay-opacity":"","overlay-gradient":""},"tablet":{"background-color":"","background-image":"","background-repeat":"repeat","background-position":"center center","background-size":"auto","background-attachment":"scroll","background-type":"","background-media":"","overlay-type":"","overlay-color":"","overlay-opacity":"","overlay-gradient":""},"mobile":{"background-color":"","background-image":"","background-repeat":"repeat","background-position":"center center","background-size":"auto","background-attachment":"scroll","background-type":"","background-media":"","overlay-type":"","overlay-color":"","overlay-opacity":"","overlay-gradient":""}},"ast-content-background-meta":{"desktop":{"background-color":"var(--ast-global-color-5)","background-image":"","background-repeat":"repeat","background-position":"center center","background-size":"auto","background-attachment":"scroll","background-type":"","background-media":"","overlay-type":"","overlay-color":"","overlay-opacity":"","overlay-gradient":""},"tablet":{"background-color":"var(--ast-global-color-5)","background-image":"","background-repeat":"repeat","background-position":"center center","background-size":"auto","background-attachment":"scroll","background-type":"","background-media":"","overlay-type":"","overlay-color":"","overlay-opacity":"","overlay-gradient":""},"mobile":{"background-color":"var(--ast-global-color-5)","background-image":"","background-repeat":"repeat","background-position":"center center","background-size":"auto","background-attachment":"scroll","background-type":"","background-media":"","overlay-type":"","overlay-color":"","overlay-opacity":"","overlay-gradient":""}}},"product_cat":[59],"product_tag":[],"class_list":["post-5179","product","type-product","status-publish","has-post-thumbnail","hentry","product_cat-folding-wagon","desktop-align-left","tablet-align-left","mobile-align-left"],"acf":[],"_links":{"self":[{"href":"https:\/\/www.rollingcrates.com\/de\/wp-json\/wp\/v2\/product\/5179","targetHints":{"allow":["GET"]}}],"collection":[{"href":"https:\/\/www.rollingcrates.com\/de\/wp-json\/wp\/v2\/product"}],"about":[{"href":"https:\/\/www.rollingcrates.com\/de\/wp-json\/wp\/v2\/types\/product"}],"replies":[{"embeddable":true,"href":"https:\/\/www.rollingcrates.com\/de\/wp-json\/wp\/v2\/comments?post=5179"}],"wp:featuredmedia":[{"embeddable":true,"href":"https:\/\/www.rollingcrates.com\/de\/wp-json\/wp\/v2\/media\/5180"}],"wp:attachment":[{"href":"https:\/\/www.rollingcrates.com\/de\/wp-json\/wp\/v2\/media?parent=5179"}],"wp:term":[{"taxonomy":"product_cat","embeddable":true,"href":"https:\/\/www.rollingcrates.com\/de\/wp-json\/wp\/v2\/product_cat?post=5179"},{"taxonomy":"product_tag","embeddable":true,"href":"https:\/\/www.rollingcrates.com\/de\/wp-json\/wp\/v2\/product_tag?post=5179"}],"curies":[{"name":"wp","href":"https:\/\/api.w.org\/{rel}","templated":true}]}}