{"id":5132,"date":"2021-07-31T08:35:20","date_gmt":"2021-07-31T08:35:20","guid":{"rendered":"https:\/\/www.rollingcrates.com\/?post_type=product&#038;p=5132"},"modified":"2025-02-24T03:52:44","modified_gmt":"2025-02-24T03:52:44","slug":"rolling-storage-crate-with-handle","status":"publish","type":"product","link":"https:\/\/www.rollingcrates.com\/de\/product\/rollende-lagerkiste-mit-griff\/","title":{"rendered":"Rollende Aufbewahrungskiste mit Griff"},"content":{"rendered":"<div class=\"row\">\n<div class=\"col-sm-12 col-md-6\">\n<ul>\n<li>Material: Strapazierf\u00e4hige Kunststoffkiste<\/li>\n<li>Pop-up-Griff aus Leichtmetall<\/li>\n<li>Leichtg\u00e4ngige Gummireifen<\/li>\n<li>Bunte Kiste<\/li>\n<li>Perfekter rollender Aufbewahrungsbeh\u00e4lter f\u00fcr all deine Super Duper Goodies<\/li>\n<li>Die robuste Kiste auf R\u00e4dern mit dem praktischen Pop-up-Griff h\u00e4lt alle Ihre Materialien sicher fest<\/li>\n<li>Sicherer Deckel h\u00e4lt alle Ihre Materialien sicher im Inneren<\/li>\n<li>Ausziehbarer Aluminium-Tragegriff<\/li>\n<li>Ideal f\u00fcr Lebensmittel, Einkaufstaschen, Sport, Autozubeh\u00f6r, W\u00e4sche und vieles mehr!<\/li>\n<\/ul>\n<\/div>\n<div class=\"col-sm-12 col-md-6\">\n<div style=\"width: 340px;\" class=\"wp-video\"><!--[if lt IE 9]><script>document.createElement('video');<\/script><![endif]-->\n<video class=\"wp-video-shortcode\" id=\"video-5132-1\" width=\"340\" height=\"550\" preload=\"metadata\" controls=\"controls\"><source type=\"video\/mp4\" src=\"https:\/\/www.rollingcrates.com\/wp-content\/uploads\/2021\/07\/rolling-storage-crate-with-handle.mp4?_=1\" \/><a href=\"https:\/\/www.rollingcrates.com\/wp-content\/uploads\/2021\/07\/rolling-storage-crate-with-handle.mp4\">https:\/\/www.rollingcrates.com\/wp-content\/uploads\/2021\/07\/rolling-storage-crate-with-handle.mp4<\/a><\/video><\/div>\n<\/div>\n<\/div>\n<p>&nbsp;<\/p>\n<p>Rollende Lagerkiste mit Griff Farbe und Gr\u00f6\u00dfe<\/p>\n<figure id=\"attachment_5139\" aria-describedby=\"caption-attachment-5139\" style=\"width: 755px\" class=\"wp-caption alignnone\"><img loading=\"lazy\" decoding=\"async\" class=\"wp-image-5139 size-large\" title=\"rollende Lagerkiste mit Griff Farbe und Gr\u00f6\u00dfe\" src=\"https:\/\/www.rollingcrates.com\/wp-content\/uploads\/2021\/07\/rolling-storage-crate-with-handle-color-and-size-755x1024.jpeg\" alt=\"rollende Lagerkiste mit Griff Farbe und Gr\u00f6\u00dfe\" width=\"755\" height=\"1024\" srcset=\"https:\/\/www.rollingcrates.com\/wp-content\/uploads\/2021\/07\/rolling-storage-crate-with-handle-color-and-size-755x1024.jpeg 755w, https:\/\/www.rollingcrates.com\/wp-content\/uploads\/2021\/07\/rolling-storage-crate-with-handle-color-and-size-221x300.jpeg 221w, https:\/\/www.rollingcrates.com\/wp-content\/uploads\/2021\/07\/rolling-storage-crate-with-handle-color-and-size-768x1042.jpeg 768w, https:\/\/www.rollingcrates.com\/wp-content\/uploads\/2021\/07\/rolling-storage-crate-with-handle-color-and-size-600x814.jpeg 600w, https:\/\/www.rollingcrates.com\/wp-content\/uploads\/2021\/07\/rolling-storage-crate-with-handle-color-and-size.jpeg 790w\" sizes=\"auto, (max-width: 755px) 100vw, 755px\" \/><figcaption id=\"caption-attachment-5139\" class=\"wp-caption-text\">rollende Lagerkiste mit Griff Farbe und Gr\u00f6\u00dfe<\/figcaption><\/figure>\n<p>&nbsp;<\/p>\n<figure id=\"attachment_5151\" aria-describedby=\"caption-attachment-5151\" style=\"width: 788px\" class=\"wp-caption alignnone\"><img loading=\"lazy\" decoding=\"async\" class=\"wp-image-5151 size-large\" title=\"Anwendung f\u00fcr rollende Lagerk\u00e4sten 11\" src=\"https:\/\/www.rollingcrates.com\/wp-content\/uploads\/2021\/07\/rolling-storage-crate-application-11-788x1024.jpeg\" alt=\"rollende Lagerkiste\" width=\"788\" height=\"1024\" srcset=\"https:\/\/www.rollingcrates.com\/wp-content\/uploads\/2021\/07\/rolling-storage-crate-application-11-788x1024.jpeg 788w, https:\/\/www.rollingcrates.com\/wp-content\/uploads\/2021\/07\/rolling-storage-crate-application-11-231x300.jpeg 231w, https:\/\/www.rollingcrates.com\/wp-content\/uploads\/2021\/07\/rolling-storage-crate-application-11-768x998.jpeg 768w, https:\/\/www.rollingcrates.com\/wp-content\/uploads\/2021\/07\/rolling-storage-crate-application-11-600x780.jpeg 600w, https:\/\/www.rollingcrates.com\/wp-content\/uploads\/2021\/07\/rolling-storage-crate-application-11.jpeg 790w\" sizes=\"auto, (max-width: 788px) 100vw, 788px\" \/><figcaption id=\"caption-attachment-5151\" class=\"wp-caption-text\">Anwendung f\u00fcr rollende Lagerk\u00e4sten 11<\/figcaption><\/figure>\n<figure id=\"attachment_5150\" aria-describedby=\"caption-attachment-5150\" style=\"width: 788px\" class=\"wp-caption alignnone\"><img loading=\"lazy\" decoding=\"async\" class=\"wp-image-5150 size-large\" title=\"Anwendung f\u00fcr rollende Lagerk\u00e4sten 10\" src=\"https:\/\/www.rollingcrates.com\/wp-content\/uploads\/2021\/07\/rolling-storage-crate-application-10-788x1024.jpeg\" alt=\"rollende Lagerkiste\" width=\"788\" height=\"1024\" srcset=\"https:\/\/www.rollingcrates.com\/wp-content\/uploads\/2021\/07\/rolling-storage-crate-application-10-788x1024.jpeg 788w, https:\/\/www.rollingcrates.com\/wp-content\/uploads\/2021\/07\/rolling-storage-crate-application-10-231x300.jpeg 231w, https:\/\/www.rollingcrates.com\/wp-content\/uploads\/2021\/07\/rolling-storage-crate-application-10-768x997.jpeg 768w, https:\/\/www.rollingcrates.com\/wp-content\/uploads\/2021\/07\/rolling-storage-crate-application-10-600x779.jpeg 600w, https:\/\/www.rollingcrates.com\/wp-content\/uploads\/2021\/07\/rolling-storage-crate-application-10.jpeg 790w\" sizes=\"auto, (max-width: 788px) 100vw, 788px\" \/><figcaption id=\"caption-attachment-5150\" class=\"wp-caption-text\">Anwendung f\u00fcr rollende Lagerk\u00e4sten 10<\/figcaption><\/figure>\n<figure id=\"attachment_5149\" aria-describedby=\"caption-attachment-5149\" style=\"width: 710px\" class=\"wp-caption alignnone\"><img loading=\"lazy\" decoding=\"async\" class=\"wp-image-5149 size-large\" title=\"rollende Lagerkiste Anwendung 9\" src=\"https:\/\/www.rollingcrates.com\/wp-content\/uploads\/2021\/07\/rolling-storage-crate-application-9-710x1024.jpeg\" alt=\"zusammenklappbare Rollkiste\" width=\"710\" height=\"1024\" srcset=\"https:\/\/www.rollingcrates.com\/wp-content\/uploads\/2021\/07\/rolling-storage-crate-application-9-710x1024.jpeg 710w, https:\/\/www.rollingcrates.com\/wp-content\/uploads\/2021\/07\/rolling-storage-crate-application-9-208x300.jpeg 208w, https:\/\/www.rollingcrates.com\/wp-content\/uploads\/2021\/07\/rolling-storage-crate-application-9-768x1107.jpeg 768w, https:\/\/www.rollingcrates.com\/wp-content\/uploads\/2021\/07\/rolling-storage-crate-application-9-600x865.jpeg 600w, https:\/\/www.rollingcrates.com\/wp-content\/uploads\/2021\/07\/rolling-storage-crate-application-9.jpeg 790w\" sizes=\"auto, (max-width: 710px) 100vw, 710px\" \/><figcaption id=\"caption-attachment-5149\" class=\"wp-caption-text\">rollende Lagerkiste Anwendung 9<\/figcaption><\/figure>\n<figure id=\"attachment_5148\" aria-describedby=\"caption-attachment-5148\" style=\"width: 779px\" class=\"wp-caption alignnone\"><img loading=\"lazy\" decoding=\"async\" class=\"wp-image-5148 size-large\" title=\"Anwendung f\u00fcr rollende Lagerk\u00e4sten 8\" src=\"https:\/\/www.rollingcrates.com\/wp-content\/uploads\/2021\/07\/rolling-storage-crate-application-8-779x1024.jpeg\" alt=\"zusammenklappbare Rollkiste\" width=\"779\" height=\"1024\" srcset=\"https:\/\/www.rollingcrates.com\/wp-content\/uploads\/2021\/07\/rolling-storage-crate-application-8-779x1024.jpeg 779w, https:\/\/www.rollingcrates.com\/wp-content\/uploads\/2021\/07\/rolling-storage-crate-application-8-228x300.jpeg 228w, https:\/\/www.rollingcrates.com\/wp-content\/uploads\/2021\/07\/rolling-storage-crate-application-8-768x1009.jpeg 768w, https:\/\/www.rollingcrates.com\/wp-content\/uploads\/2021\/07\/rolling-storage-crate-application-8-600x788.jpeg 600w, https:\/\/www.rollingcrates.com\/wp-content\/uploads\/2021\/07\/rolling-storage-crate-application-8.jpeg 790w\" sizes=\"auto, (max-width: 779px) 100vw, 779px\" \/><figcaption id=\"caption-attachment-5148\" class=\"wp-caption-text\">Anwendung f\u00fcr rollende Lagerk\u00e4sten 8<\/figcaption><\/figure>\n<figure id=\"attachment_5147\" aria-describedby=\"caption-attachment-5147\" style=\"width: 790px\" class=\"wp-caption alignnone\"><img loading=\"lazy\" decoding=\"async\" class=\"wp-image-5147 size-full\" title=\"Anwendung f\u00fcr rollende Lagerk\u00e4sten 7\" src=\"https:\/\/www.rollingcrates.com\/wp-content\/uploads\/2021\/07\/rolling-storage-crate-application-7.jpeg\" alt=\"zusammenklappbare Rollkiste\" width=\"790\" height=\"697\" srcset=\"https:\/\/www.rollingcrates.com\/wp-content\/uploads\/2021\/07\/rolling-storage-crate-application-7.jpeg 790w, https:\/\/www.rollingcrates.com\/wp-content\/uploads\/2021\/07\/rolling-storage-crate-application-7-300x265.jpeg 300w, https:\/\/www.rollingcrates.com\/wp-content\/uploads\/2021\/07\/rolling-storage-crate-application-7-768x678.jpeg 768w, https:\/\/www.rollingcrates.com\/wp-content\/uploads\/2021\/07\/rolling-storage-crate-application-7-600x529.jpeg 600w\" sizes=\"auto, (max-width: 790px) 100vw, 790px\" \/><figcaption id=\"caption-attachment-5147\" class=\"wp-caption-text\">Anwendung f\u00fcr rollende Lagerk\u00e4sten 7<\/figcaption><\/figure>\n<figure id=\"attachment_5146\" aria-describedby=\"caption-attachment-5146\" style=\"width: 790px\" class=\"wp-caption alignnone\"><img loading=\"lazy\" decoding=\"async\" class=\"wp-image-5146 size-full\" title=\"rollende Lagerkiste Anwendung 6\" src=\"https:\/\/www.rollingcrates.com\/wp-content\/uploads\/2021\/07\/rolling-storage-crate-application-6.jpeg\" alt=\"zusammenklappbare Kiste mit R\u00e4dern\" width=\"790\" height=\"1345\" srcset=\"https:\/\/www.rollingcrates.com\/wp-content\/uploads\/2021\/07\/rolling-storage-crate-application-6.jpeg 790w, https:\/\/www.rollingcrates.com\/wp-content\/uploads\/2021\/07\/rolling-storage-crate-application-6-176x300.jpeg 176w, https:\/\/www.rollingcrates.com\/wp-content\/uploads\/2021\/07\/rolling-storage-crate-application-6-601x1024.jpeg 601w, https:\/\/www.rollingcrates.com\/wp-content\/uploads\/2021\/07\/rolling-storage-crate-application-6-768x1308.jpeg 768w, https:\/\/www.rollingcrates.com\/wp-content\/uploads\/2021\/07\/rolling-storage-crate-application-6-600x1022.jpeg 600w\" sizes=\"auto, (max-width: 790px) 100vw, 790px\" \/><figcaption id=\"caption-attachment-5146\" class=\"wp-caption-text\">rollende Lagerkiste Anwendung 6<\/figcaption><\/figure>\n<figure id=\"attachment_5145\" aria-describedby=\"caption-attachment-5145\" style=\"width: 800px\" class=\"wp-caption alignnone\"><img loading=\"lazy\" decoding=\"async\" class=\"wp-image-5145 size-full\" title=\"Anwendung f\u00fcr rollende Lagerk\u00e4sten 5\" src=\"https:\/\/www.rollingcrates.com\/wp-content\/uploads\/2021\/07\/rolling-storage-crate-application-5.jpeg\" alt=\"zusammenklappbare Kiste mit R\u00e4dern\" width=\"800\" height=\"800\" srcset=\"https:\/\/www.rollingcrates.com\/wp-content\/uploads\/2021\/07\/rolling-storage-crate-application-5.jpeg 800w, https:\/\/www.rollingcrates.com\/wp-content\/uploads\/2021\/07\/rolling-storage-crate-application-5-300x300.jpeg 300w, https:\/\/www.rollingcrates.com\/wp-content\/uploads\/2021\/07\/rolling-storage-crate-application-5-150x150.jpeg 150w, https:\/\/www.rollingcrates.com\/wp-content\/uploads\/2021\/07\/rolling-storage-crate-application-5-768x768.jpeg 768w, https:\/\/www.rollingcrates.com\/wp-content\/uploads\/2021\/07\/rolling-storage-crate-application-5-600x600.jpeg 600w, https:\/\/www.rollingcrates.com\/wp-content\/uploads\/2021\/07\/rolling-storage-crate-application-5-100x100.jpeg 100w\" sizes=\"auto, (max-width: 800px) 100vw, 800px\" \/><figcaption id=\"caption-attachment-5145\" class=\"wp-caption-text\">Anwendung f\u00fcr rollende Lagerk\u00e4sten 5<\/figcaption><\/figure>\n<figure id=\"attachment_5144\" aria-describedby=\"caption-attachment-5144\" style=\"width: 790px\" class=\"wp-caption alignnone\"><img loading=\"lazy\" decoding=\"async\" class=\"wp-image-5144 size-full\" title=\"Anwendung f\u00fcr rollende Lagerk\u00e4sten 4\" src=\"https:\/\/www.rollingcrates.com\/wp-content\/uploads\/2021\/07\/rolling-storage-crate-application-4.jpeg\" alt=\"zusammenklappbare Kiste mit R\u00e4dern\" width=\"790\" height=\"819\" srcset=\"https:\/\/www.rollingcrates.com\/wp-content\/uploads\/2021\/07\/rolling-storage-crate-application-4.jpeg 790w, https:\/\/www.rollingcrates.com\/wp-content\/uploads\/2021\/07\/rolling-storage-crate-application-4-289x300.jpeg 289w, https:\/\/www.rollingcrates.com\/wp-content\/uploads\/2021\/07\/rolling-storage-crate-application-4-768x796.jpeg 768w, https:\/\/www.rollingcrates.com\/wp-content\/uploads\/2021\/07\/rolling-storage-crate-application-4-600x622.jpeg 600w\" sizes=\"auto, (max-width: 790px) 100vw, 790px\" \/><figcaption id=\"caption-attachment-5144\" class=\"wp-caption-text\">Anwendung f\u00fcr rollende Lagerk\u00e4sten 4<\/figcaption><\/figure>\n<figure id=\"attachment_5143\" aria-describedby=\"caption-attachment-5143\" style=\"width: 790px\" class=\"wp-caption alignnone\"><img loading=\"lazy\" decoding=\"async\" class=\"wp-image-5143 size-full\" title=\"Anwendung f\u00fcr rollende Lagerk\u00e4sten 3\" src=\"https:\/\/www.rollingcrates.com\/wp-content\/uploads\/2021\/07\/rolling-storage-crate-application-3.jpeg\" alt=\"Anwendung f\u00fcr rollende Lagerk\u00e4sten 3\" width=\"790\" height=\"1069\" srcset=\"https:\/\/www.rollingcrates.com\/wp-content\/uploads\/2021\/07\/rolling-storage-crate-application-3.jpeg 790w, https:\/\/www.rollingcrates.com\/wp-content\/uploads\/2021\/07\/rolling-storage-crate-application-3-222x300.jpeg 222w, https:\/\/www.rollingcrates.com\/wp-content\/uploads\/2021\/07\/rolling-storage-crate-application-3-757x1024.jpeg 757w, https:\/\/www.rollingcrates.com\/wp-content\/uploads\/2021\/07\/rolling-storage-crate-application-3-768x1039.jpeg 768w, https:\/\/www.rollingcrates.com\/wp-content\/uploads\/2021\/07\/rolling-storage-crate-application-3-600x812.jpeg 600w\" sizes=\"auto, (max-width: 790px) 100vw, 790px\" \/><figcaption id=\"caption-attachment-5143\" class=\"wp-caption-text\">Anwendung f\u00fcr rollende Lagerk\u00e4sten 3<\/figcaption><\/figure>\n<figure id=\"attachment_5142\" aria-describedby=\"caption-attachment-5142\" style=\"width: 790px\" class=\"wp-caption alignnone\"><img loading=\"lazy\" decoding=\"async\" class=\"wp-image-5142 size-full\" title=\"Anwendung f\u00fcr rollende Lagerk\u00e4sten 2\" src=\"https:\/\/www.rollingcrates.com\/wp-content\/uploads\/2021\/07\/rolling-storage-crate-application-2.jpeg\" alt=\"Lagerkiste auf R\u00e4dern\" width=\"790\" height=\"1208\" srcset=\"https:\/\/www.rollingcrates.com\/wp-content\/uploads\/2021\/07\/rolling-storage-crate-application-2.jpeg 790w, https:\/\/www.rollingcrates.com\/wp-content\/uploads\/2021\/07\/rolling-storage-crate-application-2-196x300.jpeg 196w, https:\/\/www.rollingcrates.com\/wp-content\/uploads\/2021\/07\/rolling-storage-crate-application-2-670x1024.jpeg 670w, https:\/\/www.rollingcrates.com\/wp-content\/uploads\/2021\/07\/rolling-storage-crate-application-2-768x1174.jpeg 768w, https:\/\/www.rollingcrates.com\/wp-content\/uploads\/2021\/07\/rolling-storage-crate-application-2-600x917.jpeg 600w\" sizes=\"auto, (max-width: 790px) 100vw, 790px\" \/><figcaption id=\"caption-attachment-5142\" class=\"wp-caption-text\">Anwendung f\u00fcr rollende Lagerk\u00e4sten 2<\/figcaption><\/figure>\n<figure id=\"attachment_5141\" aria-describedby=\"caption-attachment-5141\" style=\"width: 790px\" class=\"wp-caption alignnone\"><img loading=\"lazy\" decoding=\"async\" class=\"size-full wp-image-5141\" title=\"Anwendung f\u00fcr rollende Lagerk\u00e4sten 1\" src=\"https:\/\/www.rollingcrates.com\/wp-content\/uploads\/2021\/07\/rolling-storage-crate-application-1.jpeg\" alt=\"Lagerkiste auf R\u00e4dern\" width=\"790\" height=\"1370\" srcset=\"https:\/\/www.rollingcrates.com\/wp-content\/uploads\/2021\/07\/rolling-storage-crate-application-1.jpeg 790w, https:\/\/www.rollingcrates.com\/wp-content\/uploads\/2021\/07\/rolling-storage-crate-application-1-173x300.jpeg 173w, https:\/\/www.rollingcrates.com\/wp-content\/uploads\/2021\/07\/rolling-storage-crate-application-1-590x1024.jpeg 590w, https:\/\/www.rollingcrates.com\/wp-content\/uploads\/2021\/07\/rolling-storage-crate-application-1-768x1332.jpeg 768w, https:\/\/www.rollingcrates.com\/wp-content\/uploads\/2021\/07\/rolling-storage-crate-application-1-600x1041.jpeg 600w\" sizes=\"auto, (max-width: 790px) 100vw, 790px\" \/><figcaption id=\"caption-attachment-5141\" class=\"wp-caption-text\">Anwendung f\u00fcr rollende Lagerk\u00e4sten 1<\/figcaption><\/figure>\n<p>das k\u00f6nnte Ihnen auch gefallen <a href=\"https:\/\/www.rollingcrates.com\/de\/product-category\/industriekisten-aus-kunststoff\/\">Industrielle Kunststoffboxen<\/a>, <a href=\"https:\/\/www.vegcrates.com\/product-category\/collapsible-storage-crate\/\" target=\"_blank\" rel=\"noopener\">Zusammenklappbare Gem\u00fcsekisten<\/a>, <a href=\"https:\/\/www.rollingcrates.com\/de\/product-category\/verteilerbehalter\/\">Kunststoffbeh\u00e4lter f\u00fcr den Vertrieb<\/a>.<\/p>","protected":false},"excerpt":{"rendered":"<p>Material: Strapazierf\u00e4hige Kunststoffkiste Leichtgewicht-Metall-Pop-up-Griff Leichtg\u00e4ngige Gummireifen Bunte Kiste Perfekte rollende Aufbewahrungsbox f\u00fcr all Ihre Super Duper Goodies Stabile, rollende Kiste mit dem praktischen Pop-up-Griff h\u00e4lt all Ihre Materialien sicher Der sichere Deckel h\u00e4lt all Ihre Materialien sicher im Inneren Ausziehbarer Aluminium-Tragegriff Gro\u00dfartig f\u00fcr Lebensmittel, Einkaufstaschen, Sport, Auto [...]<\/p>","protected":false},"featured_media":5135,"comment_status":"closed","ping_status":"closed","template":"","meta":{"site-sidebar-layout":"default","site-content-layout":"default","ast-site-content-layout":"default","site-content-style":"default","site-sidebar-style":"default","ast-global-header-display":"","ast-banner-title-visibility":"","ast-main-header-display":"","ast-hfb-above-header-display":"","ast-hfb-below-header-display":"","ast-hfb-mobile-header-display":"","site-post-title":"","ast-breadcrumbs-content":"","ast-featured-img":"","footer-sml-layout":"","theme-transparent-header-meta":"default","adv-header-id-meta":"","stick-header-meta":"","header-above-stick-meta":"","header-main-stick-meta":"","header-below-stick-meta":"","astra-migrate-meta-layouts":"default","ast-page-background-enabled":"default","ast-page-background-meta":{"desktop":{"background-color":"","background-image":"","background-repeat":"repeat","background-position":"center center","background-size":"auto","background-attachment":"scroll","background-type":"","background-media":"","overlay-type":"","overlay-color":"","overlay-opacity":"","overlay-gradient":""},"tablet":{"background-color":"","background-image":"","background-repeat":"repeat","background-position":"center center","background-size":"auto","background-attachment":"scroll","background-type":"","background-media":"","overlay-type":"","overlay-color":"","overlay-opacity":"","overlay-gradient":""},"mobile":{"background-color":"","background-image":"","background-repeat":"repeat","background-position":"center center","background-size":"auto","background-attachment":"scroll","background-type":"","background-media":"","overlay-type":"","overlay-color":"","overlay-opacity":"","overlay-gradient":""}},"ast-content-background-meta":{"desktop":{"background-color":"var(--ast-global-color-5)","background-image":"","background-repeat":"repeat","background-position":"center center","background-size":"auto","background-attachment":"scroll","background-type":"","background-media":"","overlay-type":"","overlay-color":"","overlay-opacity":"","overlay-gradient":""},"tablet":{"background-color":"var(--ast-global-color-5)","background-image":"","background-repeat":"repeat","background-position":"center center","background-size":"auto","background-attachment":"scroll","background-type":"","background-media":"","overlay-type":"","overlay-color":"","overlay-opacity":"","overlay-gradient":""},"mobile":{"background-color":"var(--ast-global-color-5)","background-image":"","background-repeat":"repeat","background-position":"center center","background-size":"auto","background-attachment":"scroll","background-type":"","background-media":"","overlay-type":"","overlay-color":"","overlay-opacity":"","overlay-gradient":""}}},"product_cat":[55],"product_tag":[57,56],"class_list":["post-5132","product","type-product","status-publish","has-post-thumbnail","hentry","product_cat-rolling-crates","product_tag-collapsible-shopping-trolley","product_tag-foldable-shopping-carts","desktop-align-left","tablet-align-left","mobile-align-left"],"acf":[],"_links":{"self":[{"href":"https:\/\/www.rollingcrates.com\/de\/wp-json\/wp\/v2\/product\/5132","targetHints":{"allow":["GET"]}}],"collection":[{"href":"https:\/\/www.rollingcrates.com\/de\/wp-json\/wp\/v2\/product"}],"about":[{"href":"https:\/\/www.rollingcrates.com\/de\/wp-json\/wp\/v2\/types\/product"}],"replies":[{"embeddable":true,"href":"https:\/\/www.rollingcrates.com\/de\/wp-json\/wp\/v2\/comments?post=5132"}],"wp:featuredmedia":[{"embeddable":true,"href":"https:\/\/www.rollingcrates.com\/de\/wp-json\/wp\/v2\/media\/5135"}],"wp:attachment":[{"href":"https:\/\/www.rollingcrates.com\/de\/wp-json\/wp\/v2\/media?parent=5132"}],"wp:term":[{"taxonomy":"product_cat","embeddable":true,"href":"https:\/\/www.rollingcrates.com\/de\/wp-json\/wp\/v2\/product_cat?post=5132"},{"taxonomy":"product_tag","embeddable":true,"href":"https:\/\/www.rollingcrates.com\/de\/wp-json\/wp\/v2\/product_tag?post=5132"}],"curies":[{"name":"wp","href":"https:\/\/api.w.org\/{rel}","templated":true}]}}