{"id":2,"date":"2019-01-16T12:43:51","date_gmt":"2019-01-16T12:43:51","guid":{"rendered":"http:\/\/www.rollingcrates.com\/?page_id=2"},"modified":"2025-02-16T04:40:27","modified_gmt":"2025-02-16T04:40:27","slug":"sample-page","status":"publish","type":"page","link":"https:\/\/www.rollingcrates.com\/de\/","title":{"rendered":"Gro\u00dfhandel Rollkisten, Kiste auf R\u00e4dern"},"content":{"rendered":"<div class=\"wp-block-columns is-layout-flex wp-container-core-columns-is-layout-28f84493 wp-block-columns-is-layout-flex\">\n<div class=\"wp-block-column is-layout-flow wp-block-column-is-layout-flow\">\n<figure class=\"wp-block-image size-full is-resized\"><a href=\"https:\/\/www.rollingcrates.com\/de\/product-category\/rollkisten\/\"><img loading=\"lazy\" decoding=\"async\" src=\"https:\/\/www.rollingcrates.com\/wp-content\/uploads\/2021\/07\/rolling-storage-crate-with-handle-1.jpeg\" alt=\"Rollende Lagerkiste mit Griff\" class=\"wp-image-5133\" width=\"508\" height=\"508\" srcset=\"https:\/\/www.rollingcrates.com\/wp-content\/uploads\/2021\/07\/rolling-storage-crate-with-handle-1.jpeg 800w, https:\/\/www.rollingcrates.com\/wp-content\/uploads\/2021\/07\/rolling-storage-crate-with-handle-1-300x300.jpeg 300w, https:\/\/www.rollingcrates.com\/wp-content\/uploads\/2021\/07\/rolling-storage-crate-with-handle-1-150x150.jpeg 150w, https:\/\/www.rollingcrates.com\/wp-content\/uploads\/2021\/07\/rolling-storage-crate-with-handle-1-768x768.jpeg 768w, https:\/\/www.rollingcrates.com\/wp-content\/uploads\/2021\/07\/rolling-storage-crate-with-handle-1-600x600.jpeg 600w, https:\/\/www.rollingcrates.com\/wp-content\/uploads\/2021\/07\/rolling-storage-crate-with-handle-1-100x100.jpeg 100w\" sizes=\"auto, (max-width: 508px) 100vw, 508px\" \/><\/a><figcaption>Rollende Aufbewahrungskiste mit Griff<\/figcaption><\/figure>\n\n\n\n<p>Transportieren Sie m\u00fchelos alles von Kunstmaterialien, Zubeh\u00f6r und Ausr\u00fcstung. Bequem, zusammenklappbar,&nbsp;<em>Rollkisten<\/em>&nbsp;kann als Einkaufstasche, Einkaufswagen oder sogar als Handgep\u00e4cktr\u00e4ger f\u00fcr Flugzeuge verwendet werden<\/p>\n<\/div>\n\n\n\n<div class=\"wp-block-column is-layout-flow wp-block-column-is-layout-flow\">\n<figure class=\"wp-block-image size-full\"><a href=\"https:\/\/www.rollingcrates.com\/de\/product-category\/faltwagen\/\"><img loading=\"lazy\" decoding=\"async\" width=\"720\" height=\"720\" src=\"https:\/\/www.rollingcrates.com\/wp-content\/uploads\/2025\/02\/compact-folding-wagon-for-lightweight-transport-3.jpg\" alt=\"kompakter Faltwagen f\u00fcr leichten Transport\" class=\"wp-image-5182\" srcset=\"https:\/\/www.rollingcrates.com\/wp-content\/uploads\/2025\/02\/compact-folding-wagon-for-lightweight-transport-3.jpg 720w, https:\/\/www.rollingcrates.com\/wp-content\/uploads\/2025\/02\/compact-folding-wagon-for-lightweight-transport-3-300x300.jpg 300w, https:\/\/www.rollingcrates.com\/wp-content\/uploads\/2025\/02\/compact-folding-wagon-for-lightweight-transport-3-150x150.jpg 150w, https:\/\/www.rollingcrates.com\/wp-content\/uploads\/2025\/02\/compact-folding-wagon-for-lightweight-transport-3-600x600.jpg 600w, https:\/\/www.rollingcrates.com\/wp-content\/uploads\/2025\/02\/compact-folding-wagon-for-lightweight-transport-3-100x100.jpg 100w\" sizes=\"auto, (max-width: 720px) 100vw, 720px\" \/><\/a><figcaption>Faltbare Wagenkarre<\/figcaption><\/figure>\n\n\n\n<p>Der Compact Folding Utility Cart ist eine erschwingliche Option, mit der sich eine Vielzahl von Gegenst\u00e4nden leicht transportieren l\u00e4sst. Praktische Funktionen und die M\u00f6glichkeit des schnellen Zusammenklappens machen diese zusammenklappbaren Wagen perfekt f\u00fcr Familien, die viel unterwegs sind.<\/p>\n\n\n\n<p><\/p>\n<\/div>\n<\/div>\n\n\n\n<div class=\"wp-block-columns has-2-columns is-layout-flex wp-container-core-columns-is-layout-28f84493 wp-block-columns-is-layout-flex\">\n<div class=\"wp-block-column is-layout-flow wp-block-column-is-layout-flow\">\n<figure class=\"wp-block-image is-resized\"><a href=\"https:\/\/www.rollingcrates.com\/de\/product-category\/verteilerbehalter\/\"><img loading=\"lazy\" decoding=\"async\" src=\"https:\/\/www.rollingcrates.com\/wp-content\/uploads\/2019\/01\/attached-lid-containers.png\" alt=\"Beh\u00e4lter mit aufgesetztem Deckel\" class=\"wp-image-357\" width=\"346\" height=\"333\" srcset=\"https:\/\/www.rollingcrates.com\/wp-content\/uploads\/2019\/01\/attached-lid-containers.png 346w, https:\/\/www.rollingcrates.com\/wp-content\/uploads\/2019\/01\/attached-lid-containers-300x289.png 300w\" sizes=\"auto, (max-width: 346px) 100vw, 346px\" \/><\/a><figcaption>Verteilerbeh\u00e4lter mit aufgesetztem Deckel<\/figcaption><\/figure>\n<\/div>\n\n\n\n<div class=\"wp-block-column is-layout-flow wp-block-column-is-layout-flow\">\n<figure class=\"wp-block-image\"><a href=\"https:\/\/www.rollingcrates.com\/de\/product-category\/zusammenklappbare-kisten\/\"><img loading=\"lazy\" decoding=\"async\" width=\"498\" height=\"314\" src=\"https:\/\/www.rollingcrates.com\/wp-content\/uploads\/2019\/01\/collapsible-plastic-boxes-1.jpg\" alt=\"Zusammenklappbare Kunststoffkisten\" class=\"wp-image-360\" srcset=\"https:\/\/www.rollingcrates.com\/wp-content\/uploads\/2019\/01\/collapsible-plastic-boxes-1.jpg 498w, https:\/\/www.rollingcrates.com\/wp-content\/uploads\/2019\/01\/collapsible-plastic-boxes-1-300x189.jpg 300w\" sizes=\"auto, (max-width: 498px) 100vw, 498px\" \/><\/a><figcaption>Zusammenklappbare Kunststoffkisten<\/figcaption><\/figure>\n<\/div>\n<\/div>\n\n\n\n<p>Unsere wichtigsten Produkte sind <strong>Rollende Kisten<\/strong>, befestigte Deckel Verteilerbeh\u00e4lter, <strong>zusammenklappbare Kunststoffkisten<\/strong>,Euro-Stapelbeh\u00e4lter, <strong>Kunststoff-Palettencontainer<\/strong>Wir k\u00f6nnen auch kundenspezifische Kunststoffprodukte nach Ihren Anforderungen herstellen.<\/p>","protected":false},"excerpt":{"rendered":"<p>Transportieren Sie m\u00fchelos alles von Kunstmaterialien, Zubeh\u00f6r und Ausr\u00fcstung. Praktische, zusammenklappbare, rollende Kisten k\u00f6nnen als Einkaufstasche, Lebensmittelwagen oder sogar als Handgep\u00e4cktr\u00e4ger verwendet werden. Der Compact Folding Utility Cart ist eine erschwingliche Option, mit der sich eine Vielzahl von Gegenst\u00e4nden leicht transportieren l\u00e4sst. Bequeme Funktionen und die M\u00f6glichkeit des schnellen Zusammenklappens machen diese zusammenklappbaren Wagen perfekt f\u00fcr Familien, die viel unterwegs sind. [...]<\/p>","protected":false},"author":1,"featured_media":0,"parent":0,"menu_order":0,"comment_status":"closed","ping_status":"open","template":"","meta":{"site-sidebar-layout":"no-sidebar","site-content-layout":"default","ast-site-content-layout":"default","site-content-style":"default","site-sidebar-style":"default","ast-global-header-display":"","ast-banner-title-visibility":"","ast-main-header-display":"","ast-hfb-above-header-display":"","ast-hfb-below-header-display":"","ast-hfb-mobile-header-display":"","site-post-title":"","ast-breadcrumbs-content":"","ast-featured-img":"","footer-sml-layout":"","theme-transparent-header-meta":"default","adv-header-id-meta":"","stick-header-meta":"","header-above-stick-meta":"","header-main-stick-meta":"","header-below-stick-meta":"","astra-migrate-meta-layouts":"default","ast-page-background-enabled":"default","ast-page-background-meta":{"desktop":{"background-color":"","background-image":"","background-repeat":"repeat","background-position":"center center","background-size":"auto","background-attachment":"scroll","background-type":"","background-media":"","overlay-type":"","overlay-color":"","overlay-opacity":"","overlay-gradient":""},"tablet":{"background-color":"","background-image":"","background-repeat":"repeat","background-position":"center center","background-size":"auto","background-attachment":"scroll","background-type":"","background-media":"","overlay-type":"","overlay-color":"","overlay-opacity":"","overlay-gradient":""},"mobile":{"background-color":"","background-image":"","background-repeat":"repeat","background-position":"center center","background-size":"auto","background-attachment":"scroll","background-type":"","background-media":"","overlay-type":"","overlay-color":"","overlay-opacity":"","overlay-gradient":""}},"ast-content-background-meta":{"desktop":{"background-color":"var(--ast-global-color-5)","background-image":"","background-repeat":"repeat","background-position":"center center","background-size":"auto","background-attachment":"scroll","background-type":"","background-media":"","overlay-type":"","overlay-color":"","overlay-opacity":"","overlay-gradient":""},"tablet":{"background-color":"var(--ast-global-color-5)","background-image":"","background-repeat":"repeat","background-position":"center center","background-size":"auto","background-attachment":"scroll","background-type":"","background-media":"","overlay-type":"","overlay-color":"","overlay-opacity":"","overlay-gradient":""},"mobile":{"background-color":"var(--ast-global-color-5)","background-image":"","background-repeat":"repeat","background-position":"center center","background-size":"auto","background-attachment":"scroll","background-type":"","background-media":"","overlay-type":"","overlay-color":"","overlay-opacity":"","overlay-gradient":""}},"footnotes":""},"class_list":["post-2","page","type-page","status-publish","hentry"],"acf":[],"_links":{"self":[{"href":"https:\/\/www.rollingcrates.com\/de\/wp-json\/wp\/v2\/pages\/2","targetHints":{"allow":["GET"]}}],"collection":[{"href":"https:\/\/www.rollingcrates.com\/de\/wp-json\/wp\/v2\/pages"}],"about":[{"href":"https:\/\/www.rollingcrates.com\/de\/wp-json\/wp\/v2\/types\/page"}],"author":[{"embeddable":true,"href":"https:\/\/www.rollingcrates.com\/de\/wp-json\/wp\/v2\/users\/1"}],"replies":[{"embeddable":true,"href":"https:\/\/www.rollingcrates.com\/de\/wp-json\/wp\/v2\/comments?post=2"}],"version-history":[{"count":14,"href":"https:\/\/www.rollingcrates.com\/de\/wp-json\/wp\/v2\/pages\/2\/revisions"}],"predecessor-version":[{"id":5199,"href":"https:\/\/www.rollingcrates.com\/de\/wp-json\/wp\/v2\/pages\/2\/revisions\/5199"}],"wp:attachment":[{"href":"https:\/\/www.rollingcrates.com\/de\/wp-json\/wp\/v2\/media?parent=2"}],"curies":[{"name":"wp","href":"https:\/\/api.w.org\/{rel}","templated":true}]}}